{"id":455,"date":"2015-10-15T15:32:40","date_gmt":"2015-10-15T15:32:40","guid":{"rendered":"http:\/\/bremomanagement.com\/ca\/contacto\/"},"modified":"2016-11-25T08:42:05","modified_gmt":"2016-11-25T08:42:05","slug":"contacto","status":"publish","type":"page","link":"https:\/\/bremomanagement.com\/ca\/contacto\/","title":{"rendered":"Contacte"},"content":{"rendered":"<div  class='av_gmaps_sc_main_wrap av_gmaps_main_wrap '><div id='av_gmap_0' class='avia-google-map-container avia-google-map-sc av_gmaps_show_unconditionally av-no-fallback-img ' data-mapid='av_gmap_0'  style='height: 400px;'><a class=\"av_gmaps_browser_disabled av_text_confirm_link av_text_confirm_link_visible\" href=\"https:\/\/www.google.com\/maps\/search\/?api=1&#038;query=C\/%20Jaume%20Isern,%2020%20%20Matar\u00f3%20%20Espa\u00f1a\" target=\"_blank\">Maps were disabled by the visitor on this site. Click to open the map in a new window.<\/a><\/div><\/div>\n\n<style type=\"text\/css\" data-created_by=\"avia_inline_auto\" id=\"style-css-av-av_two_third-d71a51a707c4656b37c9afbbd6138215\">\n.flex_column.av-av_two_third-d71a51a707c4656b37c9afbbd6138215{\nborder-radius:0px 0px 0px 0px;\npadding:0px 0px 0px 0px;\n}\n<\/style>\n<div  class='flex_column av-av_two_third-d71a51a707c4656b37c9afbbd6138215 av_two_third  avia-builder-el-1  el_after_av_google_map  el_before_av_one_third  avia-builder-el-first  first flex_column_div av-animated-generic bottom-to-top av-zero-column-padding  '     ><p>\n<style type=\"text\/css\" data-created_by=\"avia_inline_auto\" id=\"style-css-av-av_heading-6258edbd590a0258b6c75938c4465909\">\n#top .av-special-heading.av-av_heading-6258edbd590a0258b6c75938c4465909{\npadding-bottom:0;\n}\nbody .av-special-heading.av-av_heading-6258edbd590a0258b6c75938c4465909 .av-special-heading-tag .heading-char{\nfont-size:25px;\n}\n.av-special-heading.av-av_heading-6258edbd590a0258b6c75938c4465909 .av-subheading{\nfont-size:15px;\n}\n<\/style>\n<div  class='av-special-heading av-av_heading-6258edbd590a0258b6c75938c4465909 av-special-heading-h2 blockquote modern-quote  avia-builder-el-2  el_before_av_hr  avia-builder-el-first '><h2 class='av-special-heading-tag '  itemprop=\"headline\"  >Contacte de Bremo Management<\/h2><div class=\"special-heading-border\"><div class=\"special-heading-inner-border\"><\/div><\/div><\/div><br \/>\n\n<style type=\"text\/css\" data-created_by=\"avia_inline_auto\" id=\"style-css-av-av_hr-91b88ebad6e5d9ec87d084e2d6d90042\">\n#top .hr.av-av_hr-91b88ebad6e5d9ec87d084e2d6d90042{\nmargin-top:10px;\nmargin-bottom:10px;\n}\n.hr.av-av_hr-91b88ebad6e5d9ec87d084e2d6d90042 .hr-inner{\nwidth:50px;\nborder-color:#f4711f;\n}\n<\/style>\n<div  class='hr av-av_hr-91b88ebad6e5d9ec87d084e2d6d90042 hr-custom  avia-builder-el-3  el_after_av_heading  el_before_av_contact  hr-left hr-icon-no'><span class='hr-inner inner-border-av-border-fat'><span class=\"hr-inner-style\"><\/span><\/span><\/div><br \/>\n<form action=\"https:\/\/bremomanagement.com\/ca\/contacto\/\" method=\"post\" data-fields-with-error=\"Found errors in the following field(s):\" class=\"avia_ajax_form av-form-labels-visible   avia-builder-el-4  el_after_av_hr  avia-builder-el-last   \" data-avia-form-id=\"1\" data-avia-redirect='' ><fieldset><p class='  first_form  form_element form_element_half' id='element_avia_1_1'><label for=\"avia_1_1\">Nom <abbr class=\"required\" title=\"obligatori\">*<\/abbr><\/label> <input name=\"avia_1_1\" class=\"text_input is_empty\" type=\"text\" id=\"avia_1_1\" value=\"\" \/><\/p><p class='  form_element form_element_half' id='element_avia_2_1'><label for=\"avia_2_1\">E-Mail <abbr class=\"required\" title=\"obligatori\">*<\/abbr><\/label> <input name=\"avia_2_1\" class=\"text_input is_email\" type=\"text\" id=\"avia_2_1\" value=\"\" \/><\/p><p class='  first_form  form_element form_element_half' id='element_avia_3_1'><label for=\"avia_3_1\">Assumpte  <abbr class=\"required\" title=\"obligatori\">*<\/abbr><\/label> <input name=\"avia_3_1\" class=\"text_input is_empty\" type=\"text\" id=\"avia_3_1\" value=\"\" \/><\/p><p class='  first_form  form_element form_fullwidth av-last-visible-form-element' id='element_avia_4_1'><label for=\"avia_4_1\" class=\"textare_label hidden textare_label_avia_4_1\">Missatge <abbr class=\"required\" title=\"obligatori\">*<\/abbr><\/label><textarea  name=\"avia_4_1\" class=\"text_area is_empty\" cols=\"40\" rows=\"7\" id=\"avia_4_1\" ><\/textarea><\/p><p class=\"hidden\"><input type=\"text\" name=\"avia_5_1\" class=\"hidden \" id=\"avia_5_1\" value=\"\" \/><\/p><p class=\"form_element \"><input type=\"hidden\" value=\"1\" name=\"avia_generated_form1\" \/><input type=\"submit\" value=\"Enviar\" class=\"button\"  data-sending-label=\"Enviant\"\/><\/p><\/fieldset><\/form><div id=\"ajaxresponse_1\" class=\"ajaxresponse ajaxresponse_1 hidden\"><\/div><\/p><\/div>\n<style type=\"text\/css\" data-created_by=\"avia_inline_auto\" id=\"style-css-av-av_one_third-93bea18e2ccb60552a17080633244dec\">\n.flex_column.av-av_one_third-93bea18e2ccb60552a17080633244dec{\nborder-radius:0px 0px 0px 0px;\npadding:0px 0px 0px 0px;\n}\n<\/style>\n<div  class='flex_column av-av_one_third-93bea18e2ccb60552a17080633244dec av_one_third  avia-builder-el-5  el_after_av_two_third  avia-builder-el-last  flex_column_div av-animated-generic bottom-to-top av-zero-column-padding  '     ><p>\n<style type=\"text\/css\" data-created_by=\"avia_inline_auto\" id=\"style-css-av-av_heading-25cb87e46ff961a73256012e268169e4\">\n#top .av-special-heading.av-av_heading-25cb87e46ff961a73256012e268169e4{\npadding-bottom:0;\n}\nbody .av-special-heading.av-av_heading-25cb87e46ff961a73256012e268169e4 .av-special-heading-tag .heading-char{\nfont-size:25px;\n}\n.av-special-heading.av-av_heading-25cb87e46ff961a73256012e268169e4 .av-subheading{\nfont-size:15px;\n}\n<\/style>\n<div  class='av-special-heading av-av_heading-25cb87e46ff961a73256012e268169e4 av-special-heading-h1 blockquote modern-quote  avia-builder-el-6  el_before_av_hr  avia-builder-el-first '><h1 class='av-special-heading-tag '  itemprop=\"headline\"  >Contacte de Bremo Management<\/h1><div class=\"special-heading-border\"><div class=\"special-heading-inner-border\"><\/div><\/div><\/div><br \/>\n\n<style type=\"text\/css\" data-created_by=\"avia_inline_auto\" id=\"style-css-av-av_hr-91b88ebad6e5d9ec87d084e2d6d90042\">\n#top .hr.av-av_hr-91b88ebad6e5d9ec87d084e2d6d90042{\nmargin-top:10px;\nmargin-bottom:10px;\n}\n.hr.av-av_hr-91b88ebad6e5d9ec87d084e2d6d90042 .hr-inner{\nwidth:50px;\nborder-color:#f4711f;\n}\n<\/style>\n<div  class='hr av-av_hr-91b88ebad6e5d9ec87d084e2d6d90042 hr-custom  avia-builder-el-7  el_after_av_heading  el_before_av_textblock  hr-left hr-icon-no'><span class='hr-inner inner-border-av-border-fat'><span class=\"hr-inner-style\"><\/span><\/span><\/div><br \/>\n<section  class='av_textblock_section av-av_textblock-0366cc7376be6c9e82a3e9cc8987b64f '   itemscope=\"itemscope\" itemtype=\"https:\/\/schema.org\/CreativeWork\" ><div class='avia_textblock'  itemprop=\"text\" ><h3>Bremo Management<\/h3>\n<p>Truca&#8217;ns i t&#8217;assessorarem. Situats al centre de Matar\u00f3, som especialistes en renting o lloguer de directius a temps parcial o total. Amb una \u00e0mplia experi\u00e8ncia en el sector, oferim solucions estrat\u00e8giques i implantaci\u00f3 de sistemes de qualitat.<\/p>\n<\/div><\/section><br \/>\n\n<style type=\"text\/css\" data-created_by=\"avia_inline_auto\" id=\"style-css-av-av_heading-81fc38359a488dae9f5b7b9f525a5fa4\">\n#top .av-special-heading.av-av_heading-81fc38359a488dae9f5b7b9f525a5fa4{\npadding-bottom:0;\n}\nbody .av-special-heading.av-av_heading-81fc38359a488dae9f5b7b9f525a5fa4 .av-special-heading-tag .heading-char{\nfont-size:25px;\n}\n.av-special-heading.av-av_heading-81fc38359a488dae9f5b7b9f525a5fa4 .av-subheading{\nfont-size:15px;\n}\n<\/style>\n<div  class='av-special-heading av-av_heading-81fc38359a488dae9f5b7b9f525a5fa4 av-special-heading-h2 blockquote modern-quote  avia-builder-el-9  el_after_av_textblock  el_before_av_hr '><h2 class='av-special-heading-tag '  itemprop=\"headline\"  >M\u00e9s informaci\u00f3 sobre Bremo:<\/h2><div class=\"special-heading-border\"><div class=\"special-heading-inner-border\"><\/div><\/div><\/div><br \/>\n\n<style type=\"text\/css\" data-created_by=\"avia_inline_auto\" id=\"style-css-av-av_hr-91b88ebad6e5d9ec87d084e2d6d90042\">\n#top .hr.av-av_hr-91b88ebad6e5d9ec87d084e2d6d90042{\nmargin-top:10px;\nmargin-bottom:10px;\n}\n.hr.av-av_hr-91b88ebad6e5d9ec87d084e2d6d90042 .hr-inner{\nwidth:50px;\nborder-color:#f4711f;\n}\n<\/style>\n<div  class='hr av-av_hr-91b88ebad6e5d9ec87d084e2d6d90042 hr-custom  avia-builder-el-10  el_after_av_heading  el_before_av_textblock  hr-left hr-icon-no'><span class='hr-inner inner-border-av-border-fat'><span class=\"hr-inner-style\"><\/span><\/span><\/div><br \/>\n<section  class='av_textblock_section av-av_textblock-0366cc7376be6c9e82a3e9cc8987b64f '   itemscope=\"itemscope\" itemtype=\"https:\/\/schema.org\/CreativeWork\" ><div class='avia_textblock'  itemprop=\"text\" ><p><strong>Direcci\u00f3<\/strong><br \/>\nJaume Ibran 20, 2n 2a<br \/>\n08301<br \/>\nMatar\u00f3, Barcelona<\/p>\n<p><strong>Contacte<\/strong><br \/>\nemail: info@bremomanagement.com<br \/>\n93 790 78 58<\/p>\n<p><strong>Horari:<\/strong><br \/>\nDill-div: 9.00-19.00<br \/>\nCaps de setmana: tancat<\/p>\n<\/div><\/section><\/p><\/div><\/p>\n","protected":false},"excerpt":{"rendered":"","protected":false},"author":1,"featured_media":0,"parent":0,"menu_order":0,"comment_status":"closed","ping_status":"closed","template":"","meta":{"_exactmetrics_skip_tracking":false,"_exactmetrics_sitenote_active":false,"_exactmetrics_sitenote_note":"","_exactmetrics_sitenote_category":0,"footnotes":""},"class_list":["post-455","page","type-page","status-publish","hentry"],"yoast_head":"<!-- This site is optimized with the Yoast SEO plugin v27.4 - https:\/\/yoast.com\/product\/yoast-seo-wordpress\/ -->\n<title>Contacto de Bremo Management. Renting o asesor estrat\u00e9gico<\/title>\n<meta name=\"description\" content=\"Contacto de Bremo Management. Estaremos encantados de atenderte. Tus necesidades son nuestra raz\u00f3n de ser. Nos encontrar\u00e9is en Matar\u00f3\" \/>\n<meta name=\"robots\" content=\"index, follow, max-snippet:-1, max-image-preview:large, max-video-preview:-1\" \/>\n<link rel=\"canonical\" href=\"https:\/\/bremomanagement.com\/ca\/contacto\/\" \/>\n<meta property=\"og:locale\" content=\"ca_ES\" \/>\n<meta property=\"og:type\" content=\"article\" \/>\n<meta property=\"og:title\" content=\"Contacto de Bremo Management. Renting o asesor estrat\u00e9gico\" \/>\n<meta property=\"og:description\" content=\"Contacto de Bremo Management. Estaremos encantados de atenderte. Tus necesidades son nuestra raz\u00f3n de ser. Nos encontrar\u00e9is en Matar\u00f3\" \/>\n<meta property=\"og:url\" content=\"https:\/\/bremomanagement.com\/ca\/contacto\/\" \/>\n<meta property=\"og:site_name\" content=\"Bremo Management\" \/>\n<meta property=\"article:modified_time\" content=\"2016-11-25T08:42:05+00:00\" \/>\n<meta name=\"twitter:card\" content=\"summary_large_image\" \/>\n<meta name=\"twitter:label1\" content=\"Temps estimat de lectura\" \/>\n\t<meta name=\"twitter:data1\" content=\"3 minutes\" \/>\n<script type=\"application\/ld+json\" class=\"yoast-schema-graph\">{\"@context\":\"https:\\\/\\\/schema.org\",\"@graph\":[{\"@type\":\"WebPage\",\"@id\":\"https:\\\/\\\/bremomanagement.com\\\/ca\\\/contacto\\\/\",\"url\":\"https:\\\/\\\/bremomanagement.com\\\/ca\\\/contacto\\\/\",\"name\":\"Contacto de Bremo Management. Renting o asesor estrat\u00e9gico\",\"isPartOf\":{\"@id\":\"https:\\\/\\\/bremomanagement.com\\\/ca\\\/#website\"},\"datePublished\":\"2015-10-15T15:32:40+00:00\",\"dateModified\":\"2016-11-25T08:42:05+00:00\",\"description\":\"Contacto de Bremo Management. Estaremos encantados de atenderte. Tus necesidades son nuestra raz\u00f3n de ser. Nos encontrar\u00e9is en Matar\u00f3\",\"breadcrumb\":{\"@id\":\"https:\\\/\\\/bremomanagement.com\\\/ca\\\/contacto\\\/#breadcrumb\"},\"inLanguage\":\"ca\",\"potentialAction\":[{\"@type\":\"ReadAction\",\"target\":[\"https:\\\/\\\/bremomanagement.com\\\/ca\\\/contacto\\\/\"]}]},{\"@type\":\"BreadcrumbList\",\"@id\":\"https:\\\/\\\/bremomanagement.com\\\/ca\\\/contacto\\\/#breadcrumb\",\"itemListElement\":[{\"@type\":\"ListItem\",\"position\":1,\"name\":\"Portada\",\"item\":\"https:\\\/\\\/bremomanagement.com\\\/ca\\\/\"},{\"@type\":\"ListItem\",\"position\":2,\"name\":\"Contacte\"}]},{\"@type\":\"WebSite\",\"@id\":\"https:\\\/\\\/bremomanagement.com\\\/ca\\\/#website\",\"url\":\"https:\\\/\\\/bremomanagement.com\\\/ca\\\/\",\"name\":\"Bremo Management\",\"description\":\"Head renting management\",\"potentialAction\":[{\"@type\":\"SearchAction\",\"target\":{\"@type\":\"EntryPoint\",\"urlTemplate\":\"https:\\\/\\\/bremomanagement.com\\\/ca\\\/?s={search_term_string}\"},\"query-input\":{\"@type\":\"PropertyValueSpecification\",\"valueRequired\":true,\"valueName\":\"search_term_string\"}}],\"inLanguage\":\"ca\"}]}<\/script>\n<!-- \/ Yoast SEO plugin. -->","yoast_head_json":{"title":"Contacto de Bremo Management. Renting o asesor estrat\u00e9gico","description":"Contacto de Bremo Management. Estaremos encantados de atenderte. Tus necesidades son nuestra raz\u00f3n de ser. Nos encontrar\u00e9is en Matar\u00f3","robots":{"index":"index","follow":"follow","max-snippet":"max-snippet:-1","max-image-preview":"max-image-preview:large","max-video-preview":"max-video-preview:-1"},"canonical":"https:\/\/bremomanagement.com\/ca\/contacto\/","og_locale":"ca_ES","og_type":"article","og_title":"Contacto de Bremo Management. Renting o asesor estrat\u00e9gico","og_description":"Contacto de Bremo Management. Estaremos encantados de atenderte. Tus necesidades son nuestra raz\u00f3n de ser. Nos encontrar\u00e9is en Matar\u00f3","og_url":"https:\/\/bremomanagement.com\/ca\/contacto\/","og_site_name":"Bremo Management","article_modified_time":"2016-11-25T08:42:05+00:00","twitter_card":"summary_large_image","twitter_misc":{"Temps estimat de lectura":"3 minutes"},"schema":{"@context":"https:\/\/schema.org","@graph":[{"@type":"WebPage","@id":"https:\/\/bremomanagement.com\/ca\/contacto\/","url":"https:\/\/bremomanagement.com\/ca\/contacto\/","name":"Contacto de Bremo Management. Renting o asesor estrat\u00e9gico","isPartOf":{"@id":"https:\/\/bremomanagement.com\/ca\/#website"},"datePublished":"2015-10-15T15:32:40+00:00","dateModified":"2016-11-25T08:42:05+00:00","description":"Contacto de Bremo Management. Estaremos encantados de atenderte. Tus necesidades son nuestra raz\u00f3n de ser. Nos encontrar\u00e9is en Matar\u00f3","breadcrumb":{"@id":"https:\/\/bremomanagement.com\/ca\/contacto\/#breadcrumb"},"inLanguage":"ca","potentialAction":[{"@type":"ReadAction","target":["https:\/\/bremomanagement.com\/ca\/contacto\/"]}]},{"@type":"BreadcrumbList","@id":"https:\/\/bremomanagement.com\/ca\/contacto\/#breadcrumb","itemListElement":[{"@type":"ListItem","position":1,"name":"Portada","item":"https:\/\/bremomanagement.com\/ca\/"},{"@type":"ListItem","position":2,"name":"Contacte"}]},{"@type":"WebSite","@id":"https:\/\/bremomanagement.com\/ca\/#website","url":"https:\/\/bremomanagement.com\/ca\/","name":"Bremo Management","description":"Head renting management","potentialAction":[{"@type":"SearchAction","target":{"@type":"EntryPoint","urlTemplate":"https:\/\/bremomanagement.com\/ca\/?s={search_term_string}"},"query-input":{"@type":"PropertyValueSpecification","valueRequired":true,"valueName":"search_term_string"}}],"inLanguage":"ca"}]}},"_links":{"self":[{"href":"https:\/\/bremomanagement.com\/ca\/wp-json\/wp\/v2\/pages\/455","targetHints":{"allow":["GET"]}}],"collection":[{"href":"https:\/\/bremomanagement.com\/ca\/wp-json\/wp\/v2\/pages"}],"about":[{"href":"https:\/\/bremomanagement.com\/ca\/wp-json\/wp\/v2\/types\/page"}],"author":[{"embeddable":true,"href":"https:\/\/bremomanagement.com\/ca\/wp-json\/wp\/v2\/users\/1"}],"replies":[{"embeddable":true,"href":"https:\/\/bremomanagement.com\/ca\/wp-json\/wp\/v2\/comments?post=455"}],"version-history":[{"count":0,"href":"https:\/\/bremomanagement.com\/ca\/wp-json\/wp\/v2\/pages\/455\/revisions"}],"wp:attachment":[{"href":"https:\/\/bremomanagement.com\/ca\/wp-json\/wp\/v2\/media?parent=455"}],"curies":[{"name":"wp","href":"https:\/\/api.w.org\/{rel}","templated":true}]}}