{"id":439,"date":"2015-10-22T15:31:54","date_gmt":"2015-10-22T15:31:54","guid":{"rendered":"http:\/\/bremomanagement.com\/ca\/serveis\/house-renovation\/"},"modified":"2016-10-17T07:22:04","modified_gmt":"2016-10-17T07:22:04","slug":"mentoring","status":"publish","type":"page","link":"https:\/\/bremomanagement.com\/ca\/serveis\/mentoring\/","title":{"rendered":"Mentoring"},"content":{"rendered":"<div  class='avia-slideshow av-av_slideshow-8fced049ccd559e945bdbf8d97b891d0 avia-slideshow-featured_large av_slideshow avia-fade-slider  avia-builder-el-0  el_before_av_one_full  avia-builder-el-first  av-slideshow-ui av-control-hidden av-no-slider-navigation av-hide-nav-arrows av-slideshow-autoplay av-loop-endless av-loop-manual-endless av-default-height-applied avia-slideshow-1' data-slideshow-options=\"{&quot;animation&quot;:&quot;fade&quot;,&quot;autoplay&quot;:true,&quot;loop_autoplay&quot;:&quot;endless&quot;,&quot;interval&quot;:5,&quot;loop_manual&quot;:&quot;manual-endless&quot;,&quot;autoplay_stopper&quot;:false,&quot;noNavigation&quot;:true,&quot;bg_slider&quot;:false,&quot;keep_padding&quot;:false,&quot;hoverpause&quot;:false,&quot;show_slide_delay&quot;:0}\"  itemprop=\"image\" itemscope=\"itemscope\" itemtype=\"https:\/\/schema.org\/ImageObject\" ><ul class='avia-slideshow-inner ' style='padding-bottom: 42%;'><li  class='avia-slideshow-slide av-av_slideshow-8fced049ccd559e945bdbf8d97b891d0__0  av-single-slide slide-1 slide-odd'><div data-rel='slideshow-1' class='avia-slide-wrap '   ><img decoding=\"async\" fetchpriority=\"high\" class=\"wp-image-1738 avia-img-lazy-loading-not-1738\"  src=\"https:\/\/bremomanagement.com\/wp-content\/uploads\/2015\/10\/magnetic-compass-390912-1500x630.jpg\" width=\"1500\" height=\"630\" title='magnetic-compass-390912' alt=''  itemprop=\"thumbnailUrl\"   \/><\/div><\/li><\/ul><\/div>\n\n<style type=\"text\/css\" data-created_by=\"avia_inline_auto\" id=\"style-css-av-av_one_full-92ff25b687564606f9a40db418f3e7b5\">\n#top .flex_column.av-av_one_full-92ff25b687564606f9a40db418f3e7b5{\nmargin-top:0px;\nmargin-bottom:-50px;\n}\n.flex_column.av-av_one_full-92ff25b687564606f9a40db418f3e7b5{\nborder-radius:0px 0px 0px 0px;\npadding:0px 0px 0px 0px;\n}\n.responsive #top #wrap_all .flex_column.av-av_one_full-92ff25b687564606f9a40db418f3e7b5{\nmargin-top:0px;\nmargin-bottom:-50px;\n}\n<\/style>\n<div  class='flex_column av-av_one_full-92ff25b687564606f9a40db418f3e7b5 av_one_full  avia-builder-el-1  el_after_av_slideshow  el_before_av_one_half  first flex_column_div av-animated-generic bottom-to-top av-zero-column-padding  '     ><p>\n<style type=\"text\/css\" data-created_by=\"avia_inline_auto\" id=\"style-css-av-av_heading-517af99bb4adb605734a1fe491bc76da\">\n#top .av-special-heading.av-av_heading-517af99bb4adb605734a1fe491bc76da{\npadding-bottom:0;\n}\nbody .av-special-heading.av-av_heading-517af99bb4adb605734a1fe491bc76da .av-special-heading-tag .heading-char{\nfont-size:25px;\n}\n.av-special-heading.av-av_heading-517af99bb4adb605734a1fe491bc76da .av-subheading{\nfont-size:15px;\n}\n<\/style>\n<div  class='av-special-heading av-av_heading-517af99bb4adb605734a1fe491bc76da av-special-heading-h2 blockquote modern-quote  avia-builder-el-2  el_before_av_hr  avia-builder-el-first '><h2 class='av-special-heading-tag '  itemprop=\"headline\"  >Mentoring<\/h2><div class=\"special-heading-border\"><div class=\"special-heading-inner-border\"><\/div><\/div><\/div><br \/>\n\n<style type=\"text\/css\" data-created_by=\"avia_inline_auto\" id=\"style-css-av-av_hr-91b88ebad6e5d9ec87d084e2d6d90042\">\n#top .hr.av-av_hr-91b88ebad6e5d9ec87d084e2d6d90042{\nmargin-top:10px;\nmargin-bottom:10px;\n}\n.hr.av-av_hr-91b88ebad6e5d9ec87d084e2d6d90042 .hr-inner{\nwidth:50px;\nborder-color:#f4711f;\n}\n<\/style>\n<div  class='hr av-av_hr-91b88ebad6e5d9ec87d084e2d6d90042 hr-custom  avia-builder-el-3  el_after_av_heading  avia-builder-el-last  hr-left hr-icon-no'><span class='hr-inner inner-border-av-border-fat'><span class=\"hr-inner-style\"><\/span><\/span><\/div><\/p><\/div>\n\n<style type=\"text\/css\" data-created_by=\"avia_inline_auto\" id=\"style-css-av-av_one_half-d71a51a707c4656b37c9afbbd6138215\">\n.flex_column.av-av_one_half-d71a51a707c4656b37c9afbbd6138215{\nborder-radius:0px 0px 0px 0px;\npadding:0px 0px 0px 0px;\n}\n<\/style>\n<div  class='flex_column av-av_one_half-d71a51a707c4656b37c9afbbd6138215 av_one_half  avia-builder-el-4  el_after_av_one_full  el_before_av_one_half  first flex_column_div av-animated-generic bottom-to-top av-zero-column-padding  column-top-margin'     ><section  class='av_textblock_section av-av_textblock-0366cc7376be6c9e82a3e9cc8987b64f '   itemscope=\"itemscope\" itemtype=\"https:\/\/schema.org\/CreativeWork\" ><div class='avia_textblock'  itemprop=\"text\" ><p>Proporciona un mentor que adquiere el papel de gu\u00eda y estimula el aprendizaje a trav\u00e9s de experiencias sobre como establecer y alcanzar metas profesionales, superar los retos del trabajo, tomar decisiones con m\u00e1s confianza, ofrecer una perspectiva externa.<\/p>\n<\/div><\/section><\/div>\n<style type=\"text\/css\" data-created_by=\"avia_inline_auto\" id=\"style-css-av-av_one_half-93bea18e2ccb60552a17080633244dec\">\n.flex_column.av-av_one_half-93bea18e2ccb60552a17080633244dec{\nborder-radius:0px 0px 0px 0px;\npadding:0px 0px 0px 0px;\n}\n<\/style>\n<div  class='flex_column av-av_one_half-93bea18e2ccb60552a17080633244dec av_one_half  avia-builder-el-6  el_after_av_one_half  el_before_av_one_half  flex_column_div av-animated-generic bottom-to-top av-zero-column-padding  column-top-margin'     ><section  class='av_textblock_section av-av_textblock-0366cc7376be6c9e82a3e9cc8987b64f '   itemscope=\"itemscope\" itemtype=\"https:\/\/schema.org\/CreativeWork\" ><div class='avia_textblock'  itemprop=\"text\" ><ul>\n<li>\n<h3><strong>Junior mentoring<\/strong><\/h3>\n<\/li>\n<li>\n<h3><strong>S\u00e9nior mentoring<\/strong><\/h3>\n<\/li>\n<\/ul>\n<\/div><\/section><\/div>\n<style type=\"text\/css\" data-created_by=\"avia_inline_auto\" id=\"style-css-av-av_one_half-d71a51a707c4656b37c9afbbd6138215\">\n.flex_column.av-av_one_half-d71a51a707c4656b37c9afbbd6138215{\nborder-radius:0px 0px 0px 0px;\npadding:0px 0px 0px 0px;\n}\n<\/style>\n<div  class='flex_column av-av_one_half-d71a51a707c4656b37c9afbbd6138215 av_one_half  avia-builder-el-8  el_after_av_one_half  el_before_av_one_half  first flex_column_div av-animated-generic bottom-to-top av-zero-column-padding  column-top-margin'     ><p>\n<style type=\"text\/css\" data-created_by=\"avia_inline_auto\" id=\"style-css-av-av_heading-d222f6f1e3359346a4b504e7cf77e8ab\">\n#top .av-special-heading.av-av_heading-d222f6f1e3359346a4b504e7cf77e8ab{\npadding-bottom:0;\n}\nbody .av-special-heading.av-av_heading-d222f6f1e3359346a4b504e7cf77e8ab .av-special-heading-tag .heading-char{\nfont-size:25px;\n}\n.av-special-heading.av-av_heading-d222f6f1e3359346a4b504e7cf77e8ab .av-subheading{\nfont-size:15px;\n}\n<\/style>\n<div  class='av-special-heading av-av_heading-d222f6f1e3359346a4b504e7cf77e8ab av-special-heading-h2 blockquote modern-quote  avia-builder-el-9  el_before_av_hr  avia-builder-el-first '><h2 class='av-special-heading-tag '  itemprop=\"headline\"  >Junior mentoring<\/h2><div class=\"special-heading-border\"><div class=\"special-heading-inner-border\"><\/div><\/div><\/div><br \/>\n\n<style type=\"text\/css\" data-created_by=\"avia_inline_auto\" id=\"style-css-av-av_hr-91b88ebad6e5d9ec87d084e2d6d90042\">\n#top .hr.av-av_hr-91b88ebad6e5d9ec87d084e2d6d90042{\nmargin-top:10px;\nmargin-bottom:10px;\n}\n.hr.av-av_hr-91b88ebad6e5d9ec87d084e2d6d90042 .hr-inner{\nwidth:50px;\nborder-color:#f4711f;\n}\n<\/style>\n<div  class='hr av-av_hr-91b88ebad6e5d9ec87d084e2d6d90042 hr-custom  avia-builder-el-10  el_after_av_heading  el_before_av_textblock  hr-left hr-icon-no'><span class='hr-inner inner-border-av-border-fat'><span class=\"hr-inner-style\"><\/span><\/span><\/div><br \/>\n<section  class='av_textblock_section av-av_textblock-0366cc7376be6c9e82a3e9cc8987b64f '   itemscope=\"itemscope\" itemtype=\"https:\/\/schema.org\/CreativeWork\" ><div class='avia_textblock'  itemprop=\"text\" ><p>Guiar a un ejecutivo junior reci\u00e9n promocionado con necesidad de apoyo hasta que pueda caminar\u00a0solo y\u00a0consiga la meta de liderazgo marcado convirti\u00e9ndose\u00a0en s\u00e9nior.<\/p>\n<\/div><\/section><\/p><\/div><\/p>\n\n<style type=\"text\/css\" data-created_by=\"avia_inline_auto\" id=\"style-css-av-av_one_half-93bea18e2ccb60552a17080633244dec\">\n.flex_column.av-av_one_half-93bea18e2ccb60552a17080633244dec{\nborder-radius:0px 0px 0px 0px;\npadding:0px 0px 0px 0px;\n}\n<\/style>\n<div  class='flex_column av-av_one_half-93bea18e2ccb60552a17080633244dec av_one_half  avia-builder-el-12  el_after_av_one_half  avia-builder-el-last  flex_column_div av-animated-generic bottom-to-top av-zero-column-padding  column-top-margin'     ><p>\n<style type=\"text\/css\" data-created_by=\"avia_inline_auto\" id=\"style-css-av-av_heading-cabc02f8a2f5b321c3471c8471f01673\">\n#top .av-special-heading.av-av_heading-cabc02f8a2f5b321c3471c8471f01673{\npadding-bottom:0;\n}\nbody .av-special-heading.av-av_heading-cabc02f8a2f5b321c3471c8471f01673 .av-special-heading-tag .heading-char{\nfont-size:25px;\n}\n.av-special-heading.av-av_heading-cabc02f8a2f5b321c3471c8471f01673 .av-subheading{\nfont-size:15px;\n}\n<\/style>\n<div  class='av-special-heading av-av_heading-cabc02f8a2f5b321c3471c8471f01673 av-special-heading-h2 blockquote modern-quote  avia-builder-el-13  el_before_av_hr  avia-builder-el-first '><h2 class='av-special-heading-tag '  itemprop=\"headline\"  >S\u00e9nior mentoring<\/h2><div class=\"special-heading-border\"><div class=\"special-heading-inner-border\"><\/div><\/div><\/div><br \/>\n\n<style type=\"text\/css\" data-created_by=\"avia_inline_auto\" id=\"style-css-av-av_hr-91b88ebad6e5d9ec87d084e2d6d90042\">\n#top .hr.av-av_hr-91b88ebad6e5d9ec87d084e2d6d90042{\nmargin-top:10px;\nmargin-bottom:10px;\n}\n.hr.av-av_hr-91b88ebad6e5d9ec87d084e2d6d90042 .hr-inner{\nwidth:50px;\nborder-color:#f4711f;\n}\n<\/style>\n<div  class='hr av-av_hr-91b88ebad6e5d9ec87d084e2d6d90042 hr-custom  avia-builder-el-14  el_after_av_heading  el_before_av_textblock  hr-left hr-icon-no'><span class='hr-inner inner-border-av-border-fat'><span class=\"hr-inner-style\"><\/span><\/span><\/div><br \/>\n<section  class='av_textblock_section av-av_textblock-0366cc7376be6c9e82a3e9cc8987b64f '   itemscope=\"itemscope\" itemtype=\"https:\/\/schema.org\/CreativeWork\" ><div class='avia_textblock'  itemprop=\"text\" ><p>Orientar a un ejecutivo s\u00e9nior que ha experimentado una modificaci\u00f3n importante en su funci\u00f3n, convirti\u00e9ndose muchas veces en un coach.<\/p>\n<\/div><\/section><\/p><\/div>\n","protected":false},"excerpt":{"rendered":"","protected":false},"author":1,"featured_media":1731,"parent":430,"menu_order":0,"comment_status":"closed","ping_status":"closed","template":"","meta":{"_exactmetrics_skip_tracking":false,"_exactmetrics_sitenote_active":false,"_exactmetrics_sitenote_note":"","_exactmetrics_sitenote_category":0,"footnotes":""},"class_list":["post-439","page","type-page","status-publish","has-post-thumbnail","hentry"],"yoast_head":"<!-- This site is optimized with the Yoast SEO plugin v27.4 - https:\/\/yoast.com\/product\/yoast-seo-wordpress\/ -->\n<title>Mentoring - Bremo Management, profesional orienta como mentor y gu\u00eda<\/title>\n<meta name=\"description\" content=\"Mentoring - Bremo Management, profesional orienta como mentor y gu\u00eda a trav\u00e9s de experiencias profesionales. toma de decisiones, perspectivas externas\" \/>\n<meta name=\"robots\" content=\"index, follow, max-snippet:-1, max-image-preview:large, max-video-preview:-1\" \/>\n<link rel=\"canonical\" href=\"https:\/\/bremomanagement.com\/ca\/serveis\/mentoring\/\" \/>\n<meta property=\"og:locale\" content=\"ca_ES\" \/>\n<meta property=\"og:type\" content=\"article\" \/>\n<meta property=\"og:title\" content=\"Mentoring - Bremo Management, profesional orienta como mentor y gu\u00eda\" \/>\n<meta property=\"og:description\" content=\"Mentoring - Bremo Management, profesional orienta como mentor y gu\u00eda a trav\u00e9s de experiencias profesionales. toma de decisiones, perspectivas externas\" \/>\n<meta property=\"og:url\" content=\"https:\/\/bremomanagement.com\/ca\/serveis\/mentoring\/\" \/>\n<meta property=\"og:site_name\" content=\"Bremo Management\" \/>\n<meta property=\"article:modified_time\" content=\"2016-10-17T07:22:04+00:00\" \/>\n<meta property=\"og:image\" content=\"https:\/\/bremomanagement.com\/wp-content\/uploads\/2016\/10\/brujula.jpg\" \/>\n\t<meta property=\"og:image:width\" content=\"840\" \/>\n\t<meta property=\"og:image:height\" content=\"353\" \/>\n\t<meta property=\"og:image:type\" content=\"image\/jpeg\" \/>\n<meta name=\"twitter:card\" content=\"summary_large_image\" \/>\n<meta name=\"twitter:label1\" content=\"Temps estimat de lectura\" \/>\n\t<meta name=\"twitter:data1\" content=\"4 minutes\" \/>\n<script type=\"application\/ld+json\" class=\"yoast-schema-graph\">{\"@context\":\"https:\\\/\\\/schema.org\",\"@graph\":[{\"@type\":\"WebPage\",\"@id\":\"https:\\\/\\\/bremomanagement.com\\\/ca\\\/serveis\\\/mentoring\\\/\",\"url\":\"https:\\\/\\\/bremomanagement.com\\\/ca\\\/serveis\\\/mentoring\\\/\",\"name\":\"Mentoring - Bremo Management, profesional orienta como mentor y gu\u00eda\",\"isPartOf\":{\"@id\":\"https:\\\/\\\/bremomanagement.com\\\/ca\\\/#website\"},\"primaryImageOfPage\":{\"@id\":\"https:\\\/\\\/bremomanagement.com\\\/ca\\\/serveis\\\/mentoring\\\/#primaryimage\"},\"image\":{\"@id\":\"https:\\\/\\\/bremomanagement.com\\\/ca\\\/serveis\\\/mentoring\\\/#primaryimage\"},\"thumbnailUrl\":\"https:\\\/\\\/bremomanagement.com\\\/wp-content\\\/uploads\\\/2016\\\/10\\\/brujula.jpg\",\"datePublished\":\"2015-10-22T15:31:54+00:00\",\"dateModified\":\"2016-10-17T07:22:04+00:00\",\"description\":\"Mentoring - Bremo Management, profesional orienta como mentor y gu\u00eda a trav\u00e9s de experiencias profesionales. toma de decisiones, perspectivas externas\",\"breadcrumb\":{\"@id\":\"https:\\\/\\\/bremomanagement.com\\\/ca\\\/serveis\\\/mentoring\\\/#breadcrumb\"},\"inLanguage\":\"ca\",\"potentialAction\":[{\"@type\":\"ReadAction\",\"target\":[\"https:\\\/\\\/bremomanagement.com\\\/ca\\\/serveis\\\/mentoring\\\/\"]}]},{\"@type\":\"ImageObject\",\"inLanguage\":\"ca\",\"@id\":\"https:\\\/\\\/bremomanagement.com\\\/ca\\\/serveis\\\/mentoring\\\/#primaryimage\",\"url\":\"https:\\\/\\\/bremomanagement.com\\\/wp-content\\\/uploads\\\/2016\\\/10\\\/brujula.jpg\",\"contentUrl\":\"https:\\\/\\\/bremomanagement.com\\\/wp-content\\\/uploads\\\/2016\\\/10\\\/brujula.jpg\",\"width\":840,\"height\":353},{\"@type\":\"BreadcrumbList\",\"@id\":\"https:\\\/\\\/bremomanagement.com\\\/ca\\\/serveis\\\/mentoring\\\/#breadcrumb\",\"itemListElement\":[{\"@type\":\"ListItem\",\"position\":1,\"name\":\"Portada\",\"item\":\"https:\\\/\\\/bremomanagement.com\\\/ca\\\/\"},{\"@type\":\"ListItem\",\"position\":2,\"name\":\"Serveis\",\"item\":\"https:\\\/\\\/bremomanagement.com\\\/ca\\\/serveis\\\/\"},{\"@type\":\"ListItem\",\"position\":3,\"name\":\"Mentoring\"}]},{\"@type\":\"WebSite\",\"@id\":\"https:\\\/\\\/bremomanagement.com\\\/ca\\\/#website\",\"url\":\"https:\\\/\\\/bremomanagement.com\\\/ca\\\/\",\"name\":\"Bremo Management\",\"description\":\"Head renting management\",\"potentialAction\":[{\"@type\":\"SearchAction\",\"target\":{\"@type\":\"EntryPoint\",\"urlTemplate\":\"https:\\\/\\\/bremomanagement.com\\\/ca\\\/?s={search_term_string}\"},\"query-input\":{\"@type\":\"PropertyValueSpecification\",\"valueRequired\":true,\"valueName\":\"search_term_string\"}}],\"inLanguage\":\"ca\"}]}<\/script>\n<!-- \/ Yoast SEO plugin. -->","yoast_head_json":{"title":"Mentoring - Bremo Management, profesional orienta como mentor y gu\u00eda","description":"Mentoring - Bremo Management, profesional orienta como mentor y gu\u00eda a trav\u00e9s de experiencias profesionales. toma de decisiones, perspectivas externas","robots":{"index":"index","follow":"follow","max-snippet":"max-snippet:-1","max-image-preview":"max-image-preview:large","max-video-preview":"max-video-preview:-1"},"canonical":"https:\/\/bremomanagement.com\/ca\/serveis\/mentoring\/","og_locale":"ca_ES","og_type":"article","og_title":"Mentoring - Bremo Management, profesional orienta como mentor y gu\u00eda","og_description":"Mentoring - Bremo Management, profesional orienta como mentor y gu\u00eda a trav\u00e9s de experiencias profesionales. toma de decisiones, perspectivas externas","og_url":"https:\/\/bremomanagement.com\/ca\/serveis\/mentoring\/","og_site_name":"Bremo Management","article_modified_time":"2016-10-17T07:22:04+00:00","og_image":[{"width":840,"height":353,"url":"https:\/\/bremomanagement.com\/wp-content\/uploads\/2016\/10\/brujula.jpg","type":"image\/jpeg"}],"twitter_card":"summary_large_image","twitter_misc":{"Temps estimat de lectura":"4 minutes"},"schema":{"@context":"https:\/\/schema.org","@graph":[{"@type":"WebPage","@id":"https:\/\/bremomanagement.com\/ca\/serveis\/mentoring\/","url":"https:\/\/bremomanagement.com\/ca\/serveis\/mentoring\/","name":"Mentoring - Bremo Management, profesional orienta como mentor y gu\u00eda","isPartOf":{"@id":"https:\/\/bremomanagement.com\/ca\/#website"},"primaryImageOfPage":{"@id":"https:\/\/bremomanagement.com\/ca\/serveis\/mentoring\/#primaryimage"},"image":{"@id":"https:\/\/bremomanagement.com\/ca\/serveis\/mentoring\/#primaryimage"},"thumbnailUrl":"https:\/\/bremomanagement.com\/wp-content\/uploads\/2016\/10\/brujula.jpg","datePublished":"2015-10-22T15:31:54+00:00","dateModified":"2016-10-17T07:22:04+00:00","description":"Mentoring - Bremo Management, profesional orienta como mentor y gu\u00eda a trav\u00e9s de experiencias profesionales. toma de decisiones, perspectivas externas","breadcrumb":{"@id":"https:\/\/bremomanagement.com\/ca\/serveis\/mentoring\/#breadcrumb"},"inLanguage":"ca","potentialAction":[{"@type":"ReadAction","target":["https:\/\/bremomanagement.com\/ca\/serveis\/mentoring\/"]}]},{"@type":"ImageObject","inLanguage":"ca","@id":"https:\/\/bremomanagement.com\/ca\/serveis\/mentoring\/#primaryimage","url":"https:\/\/bremomanagement.com\/wp-content\/uploads\/2016\/10\/brujula.jpg","contentUrl":"https:\/\/bremomanagement.com\/wp-content\/uploads\/2016\/10\/brujula.jpg","width":840,"height":353},{"@type":"BreadcrumbList","@id":"https:\/\/bremomanagement.com\/ca\/serveis\/mentoring\/#breadcrumb","itemListElement":[{"@type":"ListItem","position":1,"name":"Portada","item":"https:\/\/bremomanagement.com\/ca\/"},{"@type":"ListItem","position":2,"name":"Serveis","item":"https:\/\/bremomanagement.com\/ca\/serveis\/"},{"@type":"ListItem","position":3,"name":"Mentoring"}]},{"@type":"WebSite","@id":"https:\/\/bremomanagement.com\/ca\/#website","url":"https:\/\/bremomanagement.com\/ca\/","name":"Bremo Management","description":"Head renting management","potentialAction":[{"@type":"SearchAction","target":{"@type":"EntryPoint","urlTemplate":"https:\/\/bremomanagement.com\/ca\/?s={search_term_string}"},"query-input":{"@type":"PropertyValueSpecification","valueRequired":true,"valueName":"search_term_string"}}],"inLanguage":"ca"}]}},"_links":{"self":[{"href":"https:\/\/bremomanagement.com\/ca\/wp-json\/wp\/v2\/pages\/439","targetHints":{"allow":["GET"]}}],"collection":[{"href":"https:\/\/bremomanagement.com\/ca\/wp-json\/wp\/v2\/pages"}],"about":[{"href":"https:\/\/bremomanagement.com\/ca\/wp-json\/wp\/v2\/types\/page"}],"author":[{"embeddable":true,"href":"https:\/\/bremomanagement.com\/ca\/wp-json\/wp\/v2\/users\/1"}],"replies":[{"embeddable":true,"href":"https:\/\/bremomanagement.com\/ca\/wp-json\/wp\/v2\/comments?post=439"}],"version-history":[{"count":0,"href":"https:\/\/bremomanagement.com\/ca\/wp-json\/wp\/v2\/pages\/439\/revisions"}],"up":[{"embeddable":true,"href":"https:\/\/bremomanagement.com\/ca\/wp-json\/wp\/v2\/pages\/430"}],"wp:featuredmedia":[{"embeddable":true,"href":"https:\/\/bremomanagement.com\/ca\/wp-json\/wp\/v2\/media\/1731"}],"wp:attachment":[{"href":"https:\/\/bremomanagement.com\/ca\/wp-json\/wp\/v2\/media?parent=439"}],"curies":[{"name":"wp","href":"https:\/\/api.w.org\/{rel}","templated":true}]}}