{"id":436,"date":"2015-10-22T15:31:25","date_gmt":"2015-10-22T15:31:25","guid":{"rendered":"http:\/\/bremomanagement.com\/ca\/serveis\/construction\/"},"modified":"2016-10-17T07:21:49","modified_gmt":"2016-10-17T07:21:49","slug":"interim-management","status":"publish","type":"page","link":"https:\/\/bremomanagement.com\/ca\/serveis\/interim-management\/","title":{"rendered":"Interim management"},"content":{"rendered":"<div  class='avia-slideshow av-av_slideshow-ba7ce038cdf507f97efb639de2970701 avia-slideshow-featured_large av_slideshow avia-fade-slider  avia-builder-el-0  el_before_av_one_full  avia-builder-el-first  av-slideshow-ui av-control-hidden av-no-slider-navigation av-hide-nav-arrows av-slideshow-manual av-loop-once av-loop-manual-endless av-default-height-applied avia-slideshow-1' data-slideshow-options=\"{&quot;animation&quot;:&quot;fade&quot;,&quot;autoplay&quot;:false,&quot;loop_autoplay&quot;:&quot;once&quot;,&quot;interval&quot;:5,&quot;loop_manual&quot;:&quot;manual-endless&quot;,&quot;autoplay_stopper&quot;:false,&quot;noNavigation&quot;:true,&quot;bg_slider&quot;:false,&quot;keep_padding&quot;:false,&quot;hoverpause&quot;:false,&quot;show_slide_delay&quot;:0}\"  itemprop=\"image\" itemscope=\"itemscope\" itemtype=\"https:\/\/schema.org\/ImageObject\" ><ul class='avia-slideshow-inner ' style='padding-bottom: 42%;'><li  class='avia-slideshow-slide av-av_slideshow-ba7ce038cdf507f97efb639de2970701__0  av-single-slide slide-1 slide-odd'><div data-rel='slideshow-1' class='avia-slide-wrap '   ><img decoding=\"async\" fetchpriority=\"high\" class=\"wp-image-1737 avia-img-lazy-loading-not-1737\"  src=\"https:\/\/bremomanagement.com\/wp-content\/uploads\/2015\/10\/faro.jpg\" width=\"1500\" height=\"630\" title='faro' alt=''  itemprop=\"thumbnailUrl\" srcset=\"https:\/\/bremomanagement.com\/wp-content\/uploads\/2015\/10\/faro.jpg 1500w, https:\/\/bremomanagement.com\/wp-content\/uploads\/2015\/10\/faro-300x126.jpg 300w, https:\/\/bremomanagement.com\/wp-content\/uploads\/2015\/10\/faro-768x323.jpg 768w, https:\/\/bremomanagement.com\/wp-content\/uploads\/2015\/10\/faro-1030x433.jpg 1030w, https:\/\/bremomanagement.com\/wp-content\/uploads\/2015\/10\/faro-705x296.jpg 705w, https:\/\/bremomanagement.com\/wp-content\/uploads\/2015\/10\/faro-450x189.jpg 450w\" sizes=\"(max-width: 1500px) 100vw, 1500px\" \/><\/div><\/li><\/ul><\/div>\n\n<style type=\"text\/css\" data-created_by=\"avia_inline_auto\" id=\"style-css-av-av_one_full-92ff25b687564606f9a40db418f3e7b5\">\n#top .flex_column.av-av_one_full-92ff25b687564606f9a40db418f3e7b5{\nmargin-top:0px;\nmargin-bottom:-50px;\n}\n.flex_column.av-av_one_full-92ff25b687564606f9a40db418f3e7b5{\nborder-radius:0px 0px 0px 0px;\npadding:0px 0px 0px 0px;\n}\n.responsive #top #wrap_all .flex_column.av-av_one_full-92ff25b687564606f9a40db418f3e7b5{\nmargin-top:0px;\nmargin-bottom:-50px;\n}\n<\/style>\n<div  class='flex_column av-av_one_full-92ff25b687564606f9a40db418f3e7b5 av_one_full  avia-builder-el-1  el_after_av_slideshow  el_before_av_one_half  first flex_column_div av-animated-generic bottom-to-top av-zero-column-padding  '     ><p>\n<style type=\"text\/css\" data-created_by=\"avia_inline_auto\" id=\"style-css-av-av_heading-36cc26beb3cc064847128a19e20d30fb\">\n#top .av-special-heading.av-av_heading-36cc26beb3cc064847128a19e20d30fb{\npadding-bottom:0;\n}\nbody .av-special-heading.av-av_heading-36cc26beb3cc064847128a19e20d30fb .av-special-heading-tag .heading-char{\nfont-size:25px;\n}\n.av-special-heading.av-av_heading-36cc26beb3cc064847128a19e20d30fb .av-subheading{\nfont-size:15px;\n}\n<\/style>\n<div  class='av-special-heading av-av_heading-36cc26beb3cc064847128a19e20d30fb av-special-heading-h1 blockquote modern-quote  avia-builder-el-2  el_before_av_hr  avia-builder-el-first '><h1 class='av-special-heading-tag '  itemprop=\"headline\"  >Interim management<\/h1><div class=\"special-heading-border\"><div class=\"special-heading-inner-border\"><\/div><\/div><\/div><br \/>\n\n<style type=\"text\/css\" data-created_by=\"avia_inline_auto\" id=\"style-css-av-av_hr-91b88ebad6e5d9ec87d084e2d6d90042\">\n#top .hr.av-av_hr-91b88ebad6e5d9ec87d084e2d6d90042{\nmargin-top:10px;\nmargin-bottom:10px;\n}\n.hr.av-av_hr-91b88ebad6e5d9ec87d084e2d6d90042 .hr-inner{\nwidth:50px;\nborder-color:#f4711f;\n}\n<\/style>\n<div  class='hr av-av_hr-91b88ebad6e5d9ec87d084e2d6d90042 hr-custom  avia-builder-el-3  el_after_av_heading  avia-builder-el-last  hr-left hr-icon-no'><span class='hr-inner inner-border-av-border-fat'><span class=\"hr-inner-style\"><\/span><\/span><\/div><\/p><\/div>\n\n<style type=\"text\/css\" data-created_by=\"avia_inline_auto\" id=\"style-css-av-av_one_half-d71a51a707c4656b37c9afbbd6138215\">\n.flex_column.av-av_one_half-d71a51a707c4656b37c9afbbd6138215{\nborder-radius:0px 0px 0px 0px;\npadding:0px 0px 0px 0px;\n}\n<\/style>\n<div  class='flex_column av-av_one_half-d71a51a707c4656b37c9afbbd6138215 av_one_half  avia-builder-el-4  el_after_av_one_full  el_before_av_one_half  first flex_column_div av-animated-generic bottom-to-top av-zero-column-padding  column-top-margin'     ><section  class='av_textblock_section av-av_textblock-0366cc7376be6c9e82a3e9cc8987b64f '   itemscope=\"itemscope\" itemtype=\"https:\/\/schema.org\/CreativeWork\" ><div class='avia_textblock'  itemprop=\"text\" ><p>Servicio de provisi\u00f3n temporal de recursos y capacidades de gesti\u00f3n. Puede verse como una asignaci\u00f3n temporal de un ejecutivo capacitado para gestionar un periodo de transici\u00f3n, crisis o cambio en una organizaci\u00f3n.<\/p>\n<\/div><\/section><\/div>\n\n<style type=\"text\/css\" data-created_by=\"avia_inline_auto\" id=\"style-css-av-av_one_half-93bea18e2ccb60552a17080633244dec\">\n.flex_column.av-av_one_half-93bea18e2ccb60552a17080633244dec{\nborder-radius:0px 0px 0px 0px;\npadding:0px 0px 0px 0px;\n}\n<\/style>\n<div  class='flex_column av-av_one_half-93bea18e2ccb60552a17080633244dec av_one_half  avia-builder-el-6  el_after_av_one_half  el_before_av_one_third  flex_column_div av-animated-generic bottom-to-top av-zero-column-padding  column-top-margin'     ><section  class='av_textblock_section av-av_textblock-0366cc7376be6c9e82a3e9cc8987b64f '   itemscope=\"itemscope\" itemtype=\"https:\/\/schema.org\/CreativeWork\" ><div class='avia_textblock'  itemprop=\"text\" ><ul>\n<li>\n<h3><strong>Reestructuraci\u00f3n de empresas<\/strong><\/h3>\n<\/li>\n<li>\n<h3><strong>Sustituci\u00f3n de directivos<\/strong><\/h3>\n<\/li>\n<li>\n<h3><strong>Proyectos espec\u00edficos<\/strong><\/h3>\n<\/li>\n<\/ul>\n<\/div><\/section><\/div>\n\n<style type=\"text\/css\" data-created_by=\"avia_inline_auto\" id=\"style-css-av-av_one_third-d71a51a707c4656b37c9afbbd6138215\">\n.flex_column.av-av_one_third-d71a51a707c4656b37c9afbbd6138215{\nborder-radius:0px 0px 0px 0px;\npadding:0px 0px 0px 0px;\n}\n<\/style>\n<div  class='flex_column av-av_one_third-d71a51a707c4656b37c9afbbd6138215 av_one_third  avia-builder-el-8  el_after_av_one_half  el_before_av_one_third  first flex_column_div av-animated-generic bottom-to-top av-zero-column-padding  column-top-margin'     ><p>\n<style type=\"text\/css\" data-created_by=\"avia_inline_auto\" id=\"style-css-av-av_heading-5ff11de27ca3263db06d33e9c191efbf\">\n#top .av-special-heading.av-av_heading-5ff11de27ca3263db06d33e9c191efbf{\npadding-bottom:0;\n}\nbody .av-special-heading.av-av_heading-5ff11de27ca3263db06d33e9c191efbf .av-special-heading-tag .heading-char{\nfont-size:25px;\n}\n.av-special-heading.av-av_heading-5ff11de27ca3263db06d33e9c191efbf .av-subheading{\nfont-size:15px;\n}\n<\/style>\n<div  class='av-special-heading av-av_heading-5ff11de27ca3263db06d33e9c191efbf av-special-heading-h1 blockquote modern-quote  avia-builder-el-9  el_before_av_hr  avia-builder-el-first '><h1 class='av-special-heading-tag '  itemprop=\"headline\"  >Reestructuraci\u00f3n de empresas<\/h1><div class=\"special-heading-border\"><div class=\"special-heading-inner-border\"><\/div><\/div><\/div><br \/>\n\n<style type=\"text\/css\" data-created_by=\"avia_inline_auto\" id=\"style-css-av-av_hr-91b88ebad6e5d9ec87d084e2d6d90042\">\n#top .hr.av-av_hr-91b88ebad6e5d9ec87d084e2d6d90042{\nmargin-top:10px;\nmargin-bottom:10px;\n}\n.hr.av-av_hr-91b88ebad6e5d9ec87d084e2d6d90042 .hr-inner{\nwidth:50px;\nborder-color:#f4711f;\n}\n<\/style>\n<div  class='hr av-av_hr-91b88ebad6e5d9ec87d084e2d6d90042 hr-custom  avia-builder-el-10  el_after_av_heading  el_before_av_textblock  hr-left hr-icon-no'><span class='hr-inner inner-border-av-border-fat'><span class=\"hr-inner-style\"><\/span><\/span><\/div><br \/>\n<section  class='av_textblock_section av-av_textblock-0366cc7376be6c9e82a3e9cc8987b64f '   itemscope=\"itemscope\" itemtype=\"https:\/\/schema.org\/CreativeWork\" ><div class='avia_textblock'  itemprop=\"text\" ><p class=\"p1\">Funci\u00f3n <em>turnaround<\/em>\u00a0para reorganizar empresas o departamentos y gesti\u00f3n de empresas en crisis.<\/p>\n<\/div><\/section><\/p><\/div>\n\n<style type=\"text\/css\" data-created_by=\"avia_inline_auto\" id=\"style-css-av-av_one_third-93bea18e2ccb60552a17080633244dec\">\n.flex_column.av-av_one_third-93bea18e2ccb60552a17080633244dec{\nborder-radius:0px 0px 0px 0px;\npadding:0px 0px 0px 0px;\n}\n<\/style>\n<div  class='flex_column av-av_one_third-93bea18e2ccb60552a17080633244dec av_one_third  avia-builder-el-12  el_after_av_one_third  el_before_av_one_third  flex_column_div av-animated-generic bottom-to-top av-zero-column-padding  column-top-margin'     ><p>\n<style type=\"text\/css\" data-created_by=\"avia_inline_auto\" id=\"style-css-av-av_heading-61ac53076634078ae4f77ef343fc18a0\">\n#top .av-special-heading.av-av_heading-61ac53076634078ae4f77ef343fc18a0{\npadding-bottom:0;\n}\nbody .av-special-heading.av-av_heading-61ac53076634078ae4f77ef343fc18a0 .av-special-heading-tag .heading-char{\nfont-size:25px;\n}\n.av-special-heading.av-av_heading-61ac53076634078ae4f77ef343fc18a0 .av-subheading{\nfont-size:15px;\n}\n<\/style>\n<div  class='av-special-heading av-av_heading-61ac53076634078ae4f77ef343fc18a0 av-special-heading-h1 blockquote modern-quote  avia-builder-el-13  el_before_av_hr  avia-builder-el-first '><h1 class='av-special-heading-tag '  itemprop=\"headline\"  >Sustituci\u00f3n de directivos<\/h1><div class=\"special-heading-border\"><div class=\"special-heading-inner-border\"><\/div><\/div><\/div><br \/>\n\n<style type=\"text\/css\" data-created_by=\"avia_inline_auto\" id=\"style-css-av-av_hr-91b88ebad6e5d9ec87d084e2d6d90042\">\n#top .hr.av-av_hr-91b88ebad6e5d9ec87d084e2d6d90042{\nmargin-top:10px;\nmargin-bottom:10px;\n}\n.hr.av-av_hr-91b88ebad6e5d9ec87d084e2d6d90042 .hr-inner{\nwidth:50px;\nborder-color:#f4711f;\n}\n<\/style>\n<div  class='hr av-av_hr-91b88ebad6e5d9ec87d084e2d6d90042 hr-custom  avia-builder-el-14  el_after_av_heading  el_before_av_textblock  hr-left hr-icon-no'><span class='hr-inner inner-border-av-border-fat'><span class=\"hr-inner-style\"><\/span><\/span><\/div><br \/>\n<section  class='av_textblock_section av-av_textblock-0366cc7376be6c9e82a3e9cc8987b64f '   itemscope=\"itemscope\" itemtype=\"https:\/\/schema.org\/CreativeWork\" ><div class='avia_textblock'  itemprop=\"text\" ><p class=\"p1\">Sustituir a un directivo por causa de\u00a0baja temporal o cubrir provisionalmente una vacante de una posici\u00f3n directiva mientras se selecciona al sustituto.<\/p>\n<\/div><\/section><\/p><\/div>\n\n<style type=\"text\/css\" data-created_by=\"avia_inline_auto\" id=\"style-css-av-av_one_third-93bea18e2ccb60552a17080633244dec\">\n.flex_column.av-av_one_third-93bea18e2ccb60552a17080633244dec{\nborder-radius:0px 0px 0px 0px;\npadding:0px 0px 0px 0px;\n}\n<\/style>\n<div  class='flex_column av-av_one_third-93bea18e2ccb60552a17080633244dec av_one_third  avia-builder-el-16  el_after_av_one_third  avia-builder-el-last  flex_column_div av-animated-generic bottom-to-top av-zero-column-padding  column-top-margin'     ><p>\n<style type=\"text\/css\" data-created_by=\"avia_inline_auto\" id=\"style-css-av-av_heading-890bd0c8b13ec5c82bfd4b3464977d5d\">\n#top .av-special-heading.av-av_heading-890bd0c8b13ec5c82bfd4b3464977d5d{\npadding-bottom:0;\n}\nbody .av-special-heading.av-av_heading-890bd0c8b13ec5c82bfd4b3464977d5d .av-special-heading-tag .heading-char{\nfont-size:25px;\n}\n.av-special-heading.av-av_heading-890bd0c8b13ec5c82bfd4b3464977d5d .av-subheading{\nfont-size:15px;\n}\n<\/style>\n<div  class='av-special-heading av-av_heading-890bd0c8b13ec5c82bfd4b3464977d5d av-special-heading-h1 blockquote modern-quote  avia-builder-el-17  el_before_av_hr  avia-builder-el-first '><h1 class='av-special-heading-tag '  itemprop=\"headline\"  >Proyectos espec\u00edficos<\/h1><div class=\"special-heading-border\"><div class=\"special-heading-inner-border\"><\/div><\/div><\/div><br \/>\n\n<style type=\"text\/css\" data-created_by=\"avia_inline_auto\" id=\"style-css-av-av_hr-91b88ebad6e5d9ec87d084e2d6d90042\">\n#top .hr.av-av_hr-91b88ebad6e5d9ec87d084e2d6d90042{\nmargin-top:10px;\nmargin-bottom:10px;\n}\n.hr.av-av_hr-91b88ebad6e5d9ec87d084e2d6d90042 .hr-inner{\nwidth:50px;\nborder-color:#f4711f;\n}\n<\/style>\n<div  class='hr av-av_hr-91b88ebad6e5d9ec87d084e2d6d90042 hr-custom  avia-builder-el-18  el_after_av_heading  el_before_av_textblock  hr-left hr-icon-no'><span class='hr-inner inner-border-av-border-fat'><span class=\"hr-inner-style\"><\/span><\/span><\/div><br \/>\n<section  class='av_textblock_section av-av_textblock-0366cc7376be6c9e82a3e9cc8987b64f '   itemscope=\"itemscope\" itemtype=\"https:\/\/schema.org\/CreativeWork\" ><div class='avia_textblock'  itemprop=\"text\" ><p>Funci\u00f3n de direcci\u00f3n del proyecto de transici\u00f3n de inicio a fin: donde el Interim manager se responsabiliza de gestionarlo de manera eficaz y de conseguir los objetivos marcados.<\/p>\n<\/div><\/section><\/p><\/div>\n","protected":false},"excerpt":{"rendered":"","protected":false},"author":1,"featured_media":1730,"parent":430,"menu_order":0,"comment_status":"closed","ping_status":"closed","template":"","meta":{"_exactmetrics_skip_tracking":false,"_exactmetrics_sitenote_active":false,"_exactmetrics_sitenote_note":"","_exactmetrics_sitenote_category":0,"footnotes":""},"class_list":["post-436","page","type-page","status-publish","has-post-thumbnail","hentry"],"yoast_head":"<!-- This site is optimized with the Yoast SEO plugin v27.4 - https:\/\/yoast.com\/product\/yoast-seo-wordpress\/ -->\n<title>Interim management, asignaci\u00f3n temporal ejecutivo capacitado<\/title>\n<meta name=\"description\" content=\"servicio Interim management de provisi\u00f3n temporal de recursos y capacidades de gesti\u00f3n, reestructutraci\u00f3n de empresas, sustituci\u00f3n directivos\" \/>\n<meta name=\"robots\" content=\"index, follow, max-snippet:-1, max-image-preview:large, max-video-preview:-1\" \/>\n<link rel=\"canonical\" href=\"https:\/\/bremomanagement.com\/ca\/serveis\/interim-management\/\" \/>\n<meta property=\"og:locale\" content=\"ca_ES\" \/>\n<meta property=\"og:type\" content=\"article\" \/>\n<meta property=\"og:title\" content=\"Interim management, asignaci\u00f3n temporal ejecutivo capacitado\" \/>\n<meta property=\"og:description\" content=\"servicio Interim management de provisi\u00f3n temporal de recursos y capacidades de gesti\u00f3n, reestructutraci\u00f3n de empresas, sustituci\u00f3n directivos\" \/>\n<meta property=\"og:url\" content=\"https:\/\/bremomanagement.com\/ca\/serveis\/interim-management\/\" \/>\n<meta property=\"og:site_name\" content=\"Bremo Management\" \/>\n<meta property=\"article:modified_time\" content=\"2016-10-17T07:21:49+00:00\" \/>\n<meta property=\"og:image\" content=\"https:\/\/bremomanagement.com\/wp-content\/uploads\/2016\/10\/faro.jpg\" \/>\n\t<meta property=\"og:image:width\" content=\"840\" \/>\n\t<meta property=\"og:image:height\" content=\"353\" \/>\n\t<meta property=\"og:image:type\" content=\"image\/jpeg\" \/>\n<meta name=\"twitter:card\" content=\"summary_large_image\" \/>\n<meta name=\"twitter:label1\" content=\"Temps estimat de lectura\" \/>\n\t<meta name=\"twitter:data1\" content=\"4 minutes\" \/>\n<script type=\"application\/ld+json\" class=\"yoast-schema-graph\">{\"@context\":\"https:\\\/\\\/schema.org\",\"@graph\":[{\"@type\":\"WebPage\",\"@id\":\"https:\\\/\\\/bremomanagement.com\\\/ca\\\/serveis\\\/interim-management\\\/\",\"url\":\"https:\\\/\\\/bremomanagement.com\\\/ca\\\/serveis\\\/interim-management\\\/\",\"name\":\"Interim management, asignaci\u00f3n temporal ejecutivo capacitado\",\"isPartOf\":{\"@id\":\"https:\\\/\\\/bremomanagement.com\\\/ca\\\/#website\"},\"primaryImageOfPage\":{\"@id\":\"https:\\\/\\\/bremomanagement.com\\\/ca\\\/serveis\\\/interim-management\\\/#primaryimage\"},\"image\":{\"@id\":\"https:\\\/\\\/bremomanagement.com\\\/ca\\\/serveis\\\/interim-management\\\/#primaryimage\"},\"thumbnailUrl\":\"https:\\\/\\\/bremomanagement.com\\\/wp-content\\\/uploads\\\/2016\\\/10\\\/faro.jpg\",\"datePublished\":\"2015-10-22T15:31:25+00:00\",\"dateModified\":\"2016-10-17T07:21:49+00:00\",\"description\":\"servicio Interim management de provisi\u00f3n temporal de recursos y capacidades de gesti\u00f3n, reestructutraci\u00f3n de empresas, sustituci\u00f3n directivos\",\"breadcrumb\":{\"@id\":\"https:\\\/\\\/bremomanagement.com\\\/ca\\\/serveis\\\/interim-management\\\/#breadcrumb\"},\"inLanguage\":\"ca\",\"potentialAction\":[{\"@type\":\"ReadAction\",\"target\":[\"https:\\\/\\\/bremomanagement.com\\\/ca\\\/serveis\\\/interim-management\\\/\"]}]},{\"@type\":\"ImageObject\",\"inLanguage\":\"ca\",\"@id\":\"https:\\\/\\\/bremomanagement.com\\\/ca\\\/serveis\\\/interim-management\\\/#primaryimage\",\"url\":\"https:\\\/\\\/bremomanagement.com\\\/wp-content\\\/uploads\\\/2016\\\/10\\\/faro.jpg\",\"contentUrl\":\"https:\\\/\\\/bremomanagement.com\\\/wp-content\\\/uploads\\\/2016\\\/10\\\/faro.jpg\",\"width\":840,\"height\":353},{\"@type\":\"BreadcrumbList\",\"@id\":\"https:\\\/\\\/bremomanagement.com\\\/ca\\\/serveis\\\/interim-management\\\/#breadcrumb\",\"itemListElement\":[{\"@type\":\"ListItem\",\"position\":1,\"name\":\"Portada\",\"item\":\"https:\\\/\\\/bremomanagement.com\\\/ca\\\/\"},{\"@type\":\"ListItem\",\"position\":2,\"name\":\"Serveis\",\"item\":\"https:\\\/\\\/bremomanagement.com\\\/ca\\\/serveis\\\/\"},{\"@type\":\"ListItem\",\"position\":3,\"name\":\"Interim management\"}]},{\"@type\":\"WebSite\",\"@id\":\"https:\\\/\\\/bremomanagement.com\\\/ca\\\/#website\",\"url\":\"https:\\\/\\\/bremomanagement.com\\\/ca\\\/\",\"name\":\"Bremo Management\",\"description\":\"Head renting management\",\"potentialAction\":[{\"@type\":\"SearchAction\",\"target\":{\"@type\":\"EntryPoint\",\"urlTemplate\":\"https:\\\/\\\/bremomanagement.com\\\/ca\\\/?s={search_term_string}\"},\"query-input\":{\"@type\":\"PropertyValueSpecification\",\"valueRequired\":true,\"valueName\":\"search_term_string\"}}],\"inLanguage\":\"ca\"}]}<\/script>\n<!-- \/ Yoast SEO plugin. -->","yoast_head_json":{"title":"Interim management, asignaci\u00f3n temporal ejecutivo capacitado","description":"servicio Interim management de provisi\u00f3n temporal de recursos y capacidades de gesti\u00f3n, reestructutraci\u00f3n de empresas, sustituci\u00f3n directivos","robots":{"index":"index","follow":"follow","max-snippet":"max-snippet:-1","max-image-preview":"max-image-preview:large","max-video-preview":"max-video-preview:-1"},"canonical":"https:\/\/bremomanagement.com\/ca\/serveis\/interim-management\/","og_locale":"ca_ES","og_type":"article","og_title":"Interim management, asignaci\u00f3n temporal ejecutivo capacitado","og_description":"servicio Interim management de provisi\u00f3n temporal de recursos y capacidades de gesti\u00f3n, reestructutraci\u00f3n de empresas, sustituci\u00f3n directivos","og_url":"https:\/\/bremomanagement.com\/ca\/serveis\/interim-management\/","og_site_name":"Bremo Management","article_modified_time":"2016-10-17T07:21:49+00:00","og_image":[{"width":840,"height":353,"url":"https:\/\/bremomanagement.com\/wp-content\/uploads\/2016\/10\/faro.jpg","type":"image\/jpeg"}],"twitter_card":"summary_large_image","twitter_misc":{"Temps estimat de lectura":"4 minutes"},"schema":{"@context":"https:\/\/schema.org","@graph":[{"@type":"WebPage","@id":"https:\/\/bremomanagement.com\/ca\/serveis\/interim-management\/","url":"https:\/\/bremomanagement.com\/ca\/serveis\/interim-management\/","name":"Interim management, asignaci\u00f3n temporal ejecutivo capacitado","isPartOf":{"@id":"https:\/\/bremomanagement.com\/ca\/#website"},"primaryImageOfPage":{"@id":"https:\/\/bremomanagement.com\/ca\/serveis\/interim-management\/#primaryimage"},"image":{"@id":"https:\/\/bremomanagement.com\/ca\/serveis\/interim-management\/#primaryimage"},"thumbnailUrl":"https:\/\/bremomanagement.com\/wp-content\/uploads\/2016\/10\/faro.jpg","datePublished":"2015-10-22T15:31:25+00:00","dateModified":"2016-10-17T07:21:49+00:00","description":"servicio Interim management de provisi\u00f3n temporal de recursos y capacidades de gesti\u00f3n, reestructutraci\u00f3n de empresas, sustituci\u00f3n directivos","breadcrumb":{"@id":"https:\/\/bremomanagement.com\/ca\/serveis\/interim-management\/#breadcrumb"},"inLanguage":"ca","potentialAction":[{"@type":"ReadAction","target":["https:\/\/bremomanagement.com\/ca\/serveis\/interim-management\/"]}]},{"@type":"ImageObject","inLanguage":"ca","@id":"https:\/\/bremomanagement.com\/ca\/serveis\/interim-management\/#primaryimage","url":"https:\/\/bremomanagement.com\/wp-content\/uploads\/2016\/10\/faro.jpg","contentUrl":"https:\/\/bremomanagement.com\/wp-content\/uploads\/2016\/10\/faro.jpg","width":840,"height":353},{"@type":"BreadcrumbList","@id":"https:\/\/bremomanagement.com\/ca\/serveis\/interim-management\/#breadcrumb","itemListElement":[{"@type":"ListItem","position":1,"name":"Portada","item":"https:\/\/bremomanagement.com\/ca\/"},{"@type":"ListItem","position":2,"name":"Serveis","item":"https:\/\/bremomanagement.com\/ca\/serveis\/"},{"@type":"ListItem","position":3,"name":"Interim management"}]},{"@type":"WebSite","@id":"https:\/\/bremomanagement.com\/ca\/#website","url":"https:\/\/bremomanagement.com\/ca\/","name":"Bremo Management","description":"Head renting management","potentialAction":[{"@type":"SearchAction","target":{"@type":"EntryPoint","urlTemplate":"https:\/\/bremomanagement.com\/ca\/?s={search_term_string}"},"query-input":{"@type":"PropertyValueSpecification","valueRequired":true,"valueName":"search_term_string"}}],"inLanguage":"ca"}]}},"_links":{"self":[{"href":"https:\/\/bremomanagement.com\/ca\/wp-json\/wp\/v2\/pages\/436","targetHints":{"allow":["GET"]}}],"collection":[{"href":"https:\/\/bremomanagement.com\/ca\/wp-json\/wp\/v2\/pages"}],"about":[{"href":"https:\/\/bremomanagement.com\/ca\/wp-json\/wp\/v2\/types\/page"}],"author":[{"embeddable":true,"href":"https:\/\/bremomanagement.com\/ca\/wp-json\/wp\/v2\/users\/1"}],"replies":[{"embeddable":true,"href":"https:\/\/bremomanagement.com\/ca\/wp-json\/wp\/v2\/comments?post=436"}],"version-history":[{"count":0,"href":"https:\/\/bremomanagement.com\/ca\/wp-json\/wp\/v2\/pages\/436\/revisions"}],"up":[{"embeddable":true,"href":"https:\/\/bremomanagement.com\/ca\/wp-json\/wp\/v2\/pages\/430"}],"wp:featuredmedia":[{"embeddable":true,"href":"https:\/\/bremomanagement.com\/ca\/wp-json\/wp\/v2\/media\/1730"}],"wp:attachment":[{"href":"https:\/\/bremomanagement.com\/ca\/wp-json\/wp\/v2\/media?parent=436"}],"curies":[{"name":"wp","href":"https:\/\/api.w.org\/{rel}","templated":true}]}}