{"id":433,"date":"2015-10-22T14:34:37","date_gmt":"2015-10-22T14:34:37","guid":{"rendered":"http:\/\/bremomanagement.com\/ca\/serveis\/headrentingparttime\/"},"modified":"2016-10-17T07:22:35","modified_gmt":"2016-10-17T07:22:35","slug":"head-renting-part-time","status":"publish","type":"page","link":"https:\/\/bremomanagement.com\/ca\/serveis\/head-renting-part-time\/","title":{"rendered":"Head renting part time"},"content":{"rendered":"<div  class='avia-slideshow av-av_slideshow-8fced049ccd559e945bdbf8d97b891d0 avia-slideshow-featured_large av_slideshow avia-fade-slider  avia-builder-el-0  el_before_av_one_half  avia-builder-el-first  av-slideshow-ui av-control-hidden av-no-slider-navigation av-hide-nav-arrows av-slideshow-autoplay av-loop-endless av-loop-manual-endless av-default-height-applied avia-slideshow-1' data-slideshow-options=\"{&quot;animation&quot;:&quot;fade&quot;,&quot;autoplay&quot;:true,&quot;loop_autoplay&quot;:&quot;endless&quot;,&quot;interval&quot;:5,&quot;loop_manual&quot;:&quot;manual-endless&quot;,&quot;autoplay_stopper&quot;:false,&quot;noNavigation&quot;:true,&quot;bg_slider&quot;:false,&quot;keep_padding&quot;:false,&quot;hoverpause&quot;:false,&quot;show_slide_delay&quot;:0}\"  itemprop=\"image\" itemscope=\"itemscope\" itemtype=\"https:\/\/schema.org\/ImageObject\" ><ul class='avia-slideshow-inner ' style='padding-bottom: 42%;'><li  class='avia-slideshow-slide av-av_slideshow-8fced049ccd559e945bdbf8d97b891d0__0  slide-1 slide-odd'><div data-rel='slideshow-1' class='avia-slide-wrap '   ><img decoding=\"async\" fetchpriority=\"high\" class=\"wp-image-1736 avia-img-lazy-loading-not-1736\"  src=\"https:\/\/bremomanagement.com\/wp-content\/uploads\/2015\/10\/seagulls-984529-1500x630.jpg\" width=\"1500\" height=\"630\" title='seagulls-984529' alt=''  itemprop=\"thumbnailUrl\"   \/><\/div><\/li><li  class='avia-slideshow-slide av-av_slideshow-8fced049ccd559e945bdbf8d97b891d0__1  slide-2 slide-even'><div data-rel='slideshow-1' class='avia-slide-wrap '   ><img decoding=\"async\" fetchpriority=\"high\" class=\"wp-image-1778 avia-img-lazy-loading-not-1778\"  src=\"https:\/\/bremomanagement.com\/wp-content\/uploads\/2015\/10\/BREMO-SLIDERS6.jpg\" width=\"1500\" height=\"630\" title='BREMO-SLIDERS6' alt=''  itemprop=\"thumbnailUrl\" srcset=\"https:\/\/bremomanagement.com\/wp-content\/uploads\/2015\/10\/BREMO-SLIDERS6.jpg 1500w, https:\/\/bremomanagement.com\/wp-content\/uploads\/2015\/10\/BREMO-SLIDERS6-300x126.jpg 300w, https:\/\/bremomanagement.com\/wp-content\/uploads\/2015\/10\/BREMO-SLIDERS6-768x323.jpg 768w, https:\/\/bremomanagement.com\/wp-content\/uploads\/2015\/10\/BREMO-SLIDERS6-1030x433.jpg 1030w, https:\/\/bremomanagement.com\/wp-content\/uploads\/2015\/10\/BREMO-SLIDERS6-705x296.jpg 705w, https:\/\/bremomanagement.com\/wp-content\/uploads\/2015\/10\/BREMO-SLIDERS6-450x189.jpg 450w\" sizes=\"(max-width: 1500px) 100vw, 1500px\" \/><\/div><\/li><\/ul><div class='avia-slideshow-arrows avia-slideshow-controls' ><a href='#prev' class='prev-slide  avia-svg-icon avia-font-svg_entypo-fontello' data-av_svg_icon='left-open-big' data-av_iconset='svg_entypo-fontello' tabindex='-1' title=\"Anterior\"><svg version=\"1.1\" xmlns=\"http:\/\/www.w3.org\/2000\/svg\" width=\"15\" height=\"32\" viewBox=\"0 0 15 32\" preserveAspectRatio=\"xMidYMid meet\" aria-labelledby='av-svg-title-1' aria-describedby='av-svg-desc-1' role=\"graphics-symbol\" aria-hidden=\"true\">\n<title id='av-svg-title-1'>Anterior<\/title>\n<desc id='av-svg-desc-1'>Anterior<\/desc>\n<path d=\"M14.464 27.84q0.832 0.832 0 1.536-0.832 0.832-1.536 0l-12.544-12.608q-0.768-0.768 0-1.6l12.544-12.608q0.704-0.832 1.536 0 0.832 0.704 0 1.536l-11.456 11.904z\"><\/path>\n<\/svg><span class='avia_hidden_link_text'>Anterior<\/span><\/a><a href='#next' class='next-slide  avia-svg-icon avia-font-svg_entypo-fontello' data-av_svg_icon='right-open-big' data-av_iconset='svg_entypo-fontello' tabindex='-1' title=\"Seg\u00fcent\"><svg version=\"1.1\" xmlns=\"http:\/\/www.w3.org\/2000\/svg\" width=\"15\" height=\"32\" viewBox=\"0 0 15 32\" preserveAspectRatio=\"xMidYMid meet\" aria-labelledby='av-svg-title-2' aria-describedby='av-svg-desc-2' role=\"graphics-symbol\" aria-hidden=\"true\">\n<title id='av-svg-title-2'>Seg\u00fcent<\/title>\n<desc id='av-svg-desc-2'>Seg\u00fcent<\/desc>\n<path d=\"M0.416 27.84l11.456-11.84-11.456-11.904q-0.832-0.832 0-1.536 0.832-0.832 1.536 0l12.544 12.608q0.768 0.832 0 1.6l-12.544 12.608q-0.704 0.832-1.536 0-0.832-0.704 0-1.536z\"><\/path>\n<\/svg><span class='avia_hidden_link_text'>Seg\u00fcent<\/span><\/a><\/div><\/div>\n\n<style type=\"text\/css\" data-created_by=\"avia_inline_auto\" id=\"style-css-av-av_one_half-d71a51a707c4656b37c9afbbd6138215\">\n.flex_column.av-av_one_half-d71a51a707c4656b37c9afbbd6138215{\nborder-radius:0px 0px 0px 0px;\npadding:0px 0px 0px 0px;\n}\n<\/style>\n<div  class='flex_column av-av_one_half-d71a51a707c4656b37c9afbbd6138215 av_one_half  avia-builder-el-1  el_after_av_slideshow  el_before_av_one_half  first flex_column_div av-animated-generic bottom-to-top av-zero-column-padding  '     ><section  class='av_textblock_section av-av_textblock-0366cc7376be6c9e82a3e9cc8987b64f '   itemscope=\"itemscope\" itemtype=\"https:\/\/schema.org\/CreativeWork\" ><div class='avia_textblock'  itemprop=\"text\" ><p>Servicio externalizado de direcci\u00f3n a dedicaci\u00f3n parcial para aquellos departamentos que lideran procesos de soporte como Marketing, Comercial y Ventas, Financiero, RRHH, Log\u00edstico, etc.\u00a0El <em>head\u00a0renting<\/em>\u00a0no substituye el\u00a0<em>head hunting\u00a0<\/em>sino que complementa aquellos puestos que son estrat\u00e9gicos en la empresa.<\/p>\n<\/div><\/section><\/div>\n<style type=\"text\/css\" data-created_by=\"avia_inline_auto\" id=\"style-css-av-av_one_half-93bea18e2ccb60552a17080633244dec\">\n.flex_column.av-av_one_half-93bea18e2ccb60552a17080633244dec{\nborder-radius:0px 0px 0px 0px;\npadding:0px 0px 0px 0px;\n}\n<\/style>\n<div  class='flex_column av-av_one_half-93bea18e2ccb60552a17080633244dec av_one_half  avia-builder-el-3  el_after_av_one_half  el_before_av_one_third  flex_column_div av-animated-generic bottom-to-top av-zero-column-padding  '     ><section  class='av_textblock_section av-av_textblock-0366cc7376be6c9e82a3e9cc8987b64f '   itemscope=\"itemscope\" itemtype=\"https:\/\/schema.org\/CreativeWork\" ><div class='avia_textblock'  itemprop=\"text\" ><ul>\n<li>\n<h3><strong>Alta direcci\u00f3n<\/strong><\/h3>\n<\/li>\n<li>\n<h3><strong>Direcci\u00f3n funcional<\/strong><\/h3>\n<\/li>\n<li>\n<h3><strong>Profesionales expertos<\/strong><\/h3>\n<\/li>\n<\/ul>\n<\/div><\/section><\/div>\n<style type=\"text\/css\" data-created_by=\"avia_inline_auto\" id=\"style-css-av-av_one_third-d71a51a707c4656b37c9afbbd6138215\">\n.flex_column.av-av_one_third-d71a51a707c4656b37c9afbbd6138215{\nborder-radius:0px 0px 0px 0px;\npadding:0px 0px 0px 0px;\n}\n<\/style>\n<div  class='flex_column av-av_one_third-d71a51a707c4656b37c9afbbd6138215 av_one_third  avia-builder-el-5  el_after_av_one_half  el_before_av_one_third  first flex_column_div av-animated-generic bottom-to-top av-zero-column-padding  column-top-margin'     ><p>\n<style type=\"text\/css\" data-created_by=\"avia_inline_auto\" id=\"style-css-av-av_heading-4cc09063aa01055618d4e2a8c87e8b6f\">\n#top .av-special-heading.av-av_heading-4cc09063aa01055618d4e2a8c87e8b6f{\npadding-bottom:0;\n}\nbody .av-special-heading.av-av_heading-4cc09063aa01055618d4e2a8c87e8b6f .av-special-heading-tag .heading-char{\nfont-size:25px;\n}\n.av-special-heading.av-av_heading-4cc09063aa01055618d4e2a8c87e8b6f .av-subheading{\nfont-size:15px;\n}\n<\/style>\n<div  class='av-special-heading av-av_heading-4cc09063aa01055618d4e2a8c87e8b6f av-special-heading-h1 blockquote modern-quote  avia-builder-el-6  el_before_av_hr  avia-builder-el-first '><h1 class='av-special-heading-tag '  itemprop=\"headline\"  >Alta direcci\u00f3n<\/h1><div class=\"special-heading-border\"><div class=\"special-heading-inner-border\"><\/div><\/div><\/div><br \/>\n\n<style type=\"text\/css\" data-created_by=\"avia_inline_auto\" id=\"style-css-av-av_hr-91b88ebad6e5d9ec87d084e2d6d90042\">\n#top .hr.av-av_hr-91b88ebad6e5d9ec87d084e2d6d90042{\nmargin-top:10px;\nmargin-bottom:10px;\n}\n.hr.av-av_hr-91b88ebad6e5d9ec87d084e2d6d90042 .hr-inner{\nwidth:50px;\nborder-color:#f4711f;\n}\n<\/style>\n<div  class='hr av-av_hr-91b88ebad6e5d9ec87d084e2d6d90042 hr-custom  avia-builder-el-7  el_after_av_heading  el_before_av_textblock  hr-left hr-icon-no'><span class='hr-inner inner-border-av-border-fat'><span class=\"hr-inner-style\"><\/span><\/span><\/div><br \/>\n<section  class='av_textblock_section av-av_textblock-0366cc7376be6c9e82a3e9cc8987b64f '   itemscope=\"itemscope\" itemtype=\"https:\/\/schema.org\/CreativeWork\" ><div class='avia_textblock'  itemprop=\"text\" ><p class=\"p1\">Gerentes y Consejeros de <em>pymes<\/em> que comparten con el empresario la gesti\u00f3n estrat\u00e9gica y operativa de la empresa aportando una visi\u00f3n s\u00e9nior<span class=\"s1\">.<\/span><\/p>\n<\/div><\/section><\/p><\/div>\n<style type=\"text\/css\" data-created_by=\"avia_inline_auto\" id=\"style-css-av-av_one_third-93bea18e2ccb60552a17080633244dec\">\n.flex_column.av-av_one_third-93bea18e2ccb60552a17080633244dec{\nborder-radius:0px 0px 0px 0px;\npadding:0px 0px 0px 0px;\n}\n<\/style>\n<div  class='flex_column av-av_one_third-93bea18e2ccb60552a17080633244dec av_one_third  avia-builder-el-9  el_after_av_one_third  el_before_av_one_third  flex_column_div av-animated-generic bottom-to-top av-zero-column-padding  column-top-margin'     ><p>\n<style type=\"text\/css\" data-created_by=\"avia_inline_auto\" id=\"style-css-av-av_heading-bccc286dec4006544772d3f6e5fd3a86\">\n#top .av-special-heading.av-av_heading-bccc286dec4006544772d3f6e5fd3a86{\npadding-bottom:0;\n}\nbody .av-special-heading.av-av_heading-bccc286dec4006544772d3f6e5fd3a86 .av-special-heading-tag .heading-char{\nfont-size:25px;\n}\n.av-special-heading.av-av_heading-bccc286dec4006544772d3f6e5fd3a86 .av-subheading{\nfont-size:15px;\n}\n<\/style>\n<div  class='av-special-heading av-av_heading-bccc286dec4006544772d3f6e5fd3a86 av-special-heading-h1 blockquote modern-quote  avia-builder-el-10  el_before_av_hr  avia-builder-el-first '><h1 class='av-special-heading-tag '  itemprop=\"headline\"  >Direcci\u00f3n funcional<\/h1><div class=\"special-heading-border\"><div class=\"special-heading-inner-border\"><\/div><\/div><\/div><br \/>\n\n<style type=\"text\/css\" data-created_by=\"avia_inline_auto\" id=\"style-css-av-av_hr-91b88ebad6e5d9ec87d084e2d6d90042\">\n#top .hr.av-av_hr-91b88ebad6e5d9ec87d084e2d6d90042{\nmargin-top:10px;\nmargin-bottom:10px;\n}\n.hr.av-av_hr-91b88ebad6e5d9ec87d084e2d6d90042 .hr-inner{\nwidth:50px;\nborder-color:#f4711f;\n}\n<\/style>\n<div  class='hr av-av_hr-91b88ebad6e5d9ec87d084e2d6d90042 hr-custom  avia-builder-el-11  el_after_av_heading  el_before_av_textblock  hr-left hr-icon-no'><span class='hr-inner inner-border-av-border-fat'><span class=\"hr-inner-style\"><\/span><\/span><\/div><br \/>\n<section  class='av_textblock_section av-av_textblock-0366cc7376be6c9e82a3e9cc8987b64f '   itemscope=\"itemscope\" itemtype=\"https:\/\/schema.org\/CreativeWork\" ><div class='avia_textblock'  itemprop=\"text\" ><p class=\"p1\">No estamos hablando solo de un asesor que aporte ideas o formaci\u00f3n, sino de una persona que trabajar\u00e1 las horas pactadas en la empresa y para la empresa como un empleado m\u00e1s.<\/p>\n<p class=\"p1\">En todos aquellos departamentos que lideren procesos de soporte como el Marketing, Comercial y Ventas, Financiero, RRHH, Log\u00edstico, etc.<\/p>\n<\/div><\/section><\/p><\/div>\n<style type=\"text\/css\" data-created_by=\"avia_inline_auto\" id=\"style-css-av-av_one_third-93bea18e2ccb60552a17080633244dec\">\n.flex_column.av-av_one_third-93bea18e2ccb60552a17080633244dec{\nborder-radius:0px 0px 0px 0px;\npadding:0px 0px 0px 0px;\n}\n<\/style>\n<div  class='flex_column av-av_one_third-93bea18e2ccb60552a17080633244dec av_one_third  avia-builder-el-13  el_after_av_one_third  avia-builder-el-last  flex_column_div av-animated-generic bottom-to-top av-zero-column-padding  column-top-margin'     ><p>\n<style type=\"text\/css\" data-created_by=\"avia_inline_auto\" id=\"style-css-av-av_heading-f1f2c8b143a4eefd542e5ebf88d86d06\">\n#top .av-special-heading.av-av_heading-f1f2c8b143a4eefd542e5ebf88d86d06{\npadding-bottom:0;\n}\nbody .av-special-heading.av-av_heading-f1f2c8b143a4eefd542e5ebf88d86d06 .av-special-heading-tag .heading-char{\nfont-size:25px;\n}\n.av-special-heading.av-av_heading-f1f2c8b143a4eefd542e5ebf88d86d06 .av-subheading{\nfont-size:15px;\n}\n<\/style>\n<div  class='av-special-heading av-av_heading-f1f2c8b143a4eefd542e5ebf88d86d06 av-special-heading-h1 blockquote modern-quote  avia-builder-el-14  el_before_av_hr  avia-builder-el-first '><h1 class='av-special-heading-tag '  itemprop=\"headline\"  >Profesionales expertos<\/h1><div class=\"special-heading-border\"><div class=\"special-heading-inner-border\"><\/div><\/div><\/div><br \/>\n\n<style type=\"text\/css\" data-created_by=\"avia_inline_auto\" id=\"style-css-av-av_hr-91b88ebad6e5d9ec87d084e2d6d90042\">\n#top .hr.av-av_hr-91b88ebad6e5d9ec87d084e2d6d90042{\nmargin-top:10px;\nmargin-bottom:10px;\n}\n.hr.av-av_hr-91b88ebad6e5d9ec87d084e2d6d90042 .hr-inner{\nwidth:50px;\nborder-color:#f4711f;\n}\n<\/style>\n<div  class='hr av-av_hr-91b88ebad6e5d9ec87d084e2d6d90042 hr-custom  avia-builder-el-15  el_after_av_heading  el_before_av_textblock  hr-left hr-icon-no'><span class='hr-inner inner-border-av-border-fat'><span class=\"hr-inner-style\"><\/span><\/span><\/div><br \/>\n<section  class='av_textblock_section av-av_textblock-0366cc7376be6c9e82a3e9cc8987b64f '   itemscope=\"itemscope\" itemtype=\"https:\/\/schema.org\/CreativeWork\" ><div class='avia_textblock'  itemprop=\"text\" ><p>Profesionales especialistas s\u00e9nior en sectores, mercados, tecnolog\u00edas\u2026<\/p>\n<\/div><\/section><\/p><\/div><\/p>\n","protected":false},"excerpt":{"rendered":"","protected":false},"author":1,"featured_media":1729,"parent":430,"menu_order":0,"comment_status":"closed","ping_status":"closed","template":"","meta":{"_exactmetrics_skip_tracking":false,"_exactmetrics_sitenote_active":false,"_exactmetrics_sitenote_note":"","_exactmetrics_sitenote_category":0,"footnotes":""},"class_list":["post-433","page","type-page","status-publish","has-post-thumbnail","hentry"],"yoast_head":"<!-- This site is optimized with the Yoast SEO plugin v27.4 - https:\/\/yoast.com\/product\/yoast-seo-wordpress\/ -->\n<title>Head renting part time o asesor estrat\u00e9gico a tiempo parcial para pymes<\/title>\n<meta name=\"description\" content=\"Head renting part time o asesor estrat\u00e9gico a tiempo parcial. Gerentes y consejeros para pymes. gesti\u00f3n estrat\u00e9gica y operartiva de la empresa.\" \/>\n<meta name=\"robots\" content=\"index, follow, max-snippet:-1, max-image-preview:large, max-video-preview:-1\" \/>\n<link rel=\"canonical\" href=\"https:\/\/bremomanagement.com\/ca\/serveis\/head-renting-part-time\/\" \/>\n<meta property=\"og:locale\" content=\"ca_ES\" \/>\n<meta property=\"og:type\" content=\"article\" \/>\n<meta property=\"og:title\" content=\"Head renting part time o asesor estrat\u00e9gico a tiempo parcial para pymes\" \/>\n<meta property=\"og:description\" content=\"Head renting part time o asesor estrat\u00e9gico a tiempo parcial. Gerentes y consejeros para pymes. gesti\u00f3n estrat\u00e9gica y operartiva de la empresa.\" \/>\n<meta property=\"og:url\" content=\"https:\/\/bremomanagement.com\/ca\/serveis\/head-renting-part-time\/\" \/>\n<meta property=\"og:site_name\" content=\"Bremo Management\" \/>\n<meta property=\"article:modified_time\" content=\"2016-10-17T07:22:35+00:00\" \/>\n<meta property=\"og:image\" content=\"https:\/\/bremomanagement.com\/wp-content\/uploads\/2016\/10\/ocell.jpg\" \/>\n\t<meta property=\"og:image:width\" content=\"840\" \/>\n\t<meta property=\"og:image:height\" content=\"353\" \/>\n\t<meta property=\"og:image:type\" content=\"image\/jpeg\" \/>\n<meta name=\"twitter:card\" content=\"summary_large_image\" \/>\n<meta name=\"twitter:label1\" content=\"Temps estimat de lectura\" \/>\n\t<meta name=\"twitter:data1\" content=\"4 minutes\" \/>\n<script type=\"application\/ld+json\" class=\"yoast-schema-graph\">{\"@context\":\"https:\\\/\\\/schema.org\",\"@graph\":[{\"@type\":\"WebPage\",\"@id\":\"https:\\\/\\\/bremomanagement.com\\\/ca\\\/serveis\\\/head-renting-part-time\\\/\",\"url\":\"https:\\\/\\\/bremomanagement.com\\\/ca\\\/serveis\\\/head-renting-part-time\\\/\",\"name\":\"Head renting part time o asesor estrat\u00e9gico a tiempo parcial para pymes\",\"isPartOf\":{\"@id\":\"https:\\\/\\\/bremomanagement.com\\\/ca\\\/#website\"},\"primaryImageOfPage\":{\"@id\":\"https:\\\/\\\/bremomanagement.com\\\/ca\\\/serveis\\\/head-renting-part-time\\\/#primaryimage\"},\"image\":{\"@id\":\"https:\\\/\\\/bremomanagement.com\\\/ca\\\/serveis\\\/head-renting-part-time\\\/#primaryimage\"},\"thumbnailUrl\":\"https:\\\/\\\/bremomanagement.com\\\/wp-content\\\/uploads\\\/2016\\\/10\\\/ocell.jpg\",\"datePublished\":\"2015-10-22T14:34:37+00:00\",\"dateModified\":\"2016-10-17T07:22:35+00:00\",\"description\":\"Head renting part time o asesor estrat\u00e9gico a tiempo parcial. Gerentes y consejeros para pymes. gesti\u00f3n estrat\u00e9gica y operartiva de la empresa.\",\"breadcrumb\":{\"@id\":\"https:\\\/\\\/bremomanagement.com\\\/ca\\\/serveis\\\/head-renting-part-time\\\/#breadcrumb\"},\"inLanguage\":\"ca\",\"potentialAction\":[{\"@type\":\"ReadAction\",\"target\":[\"https:\\\/\\\/bremomanagement.com\\\/ca\\\/serveis\\\/head-renting-part-time\\\/\"]}]},{\"@type\":\"ImageObject\",\"inLanguage\":\"ca\",\"@id\":\"https:\\\/\\\/bremomanagement.com\\\/ca\\\/serveis\\\/head-renting-part-time\\\/#primaryimage\",\"url\":\"https:\\\/\\\/bremomanagement.com\\\/wp-content\\\/uploads\\\/2016\\\/10\\\/ocell.jpg\",\"contentUrl\":\"https:\\\/\\\/bremomanagement.com\\\/wp-content\\\/uploads\\\/2016\\\/10\\\/ocell.jpg\",\"width\":840,\"height\":353},{\"@type\":\"BreadcrumbList\",\"@id\":\"https:\\\/\\\/bremomanagement.com\\\/ca\\\/serveis\\\/head-renting-part-time\\\/#breadcrumb\",\"itemListElement\":[{\"@type\":\"ListItem\",\"position\":1,\"name\":\"Portada\",\"item\":\"https:\\\/\\\/bremomanagement.com\\\/ca\\\/\"},{\"@type\":\"ListItem\",\"position\":2,\"name\":\"Serveis\",\"item\":\"https:\\\/\\\/bremomanagement.com\\\/ca\\\/serveis\\\/\"},{\"@type\":\"ListItem\",\"position\":3,\"name\":\"Head renting part time\"}]},{\"@type\":\"WebSite\",\"@id\":\"https:\\\/\\\/bremomanagement.com\\\/ca\\\/#website\",\"url\":\"https:\\\/\\\/bremomanagement.com\\\/ca\\\/\",\"name\":\"Bremo Management\",\"description\":\"Head renting management\",\"potentialAction\":[{\"@type\":\"SearchAction\",\"target\":{\"@type\":\"EntryPoint\",\"urlTemplate\":\"https:\\\/\\\/bremomanagement.com\\\/ca\\\/?s={search_term_string}\"},\"query-input\":{\"@type\":\"PropertyValueSpecification\",\"valueRequired\":true,\"valueName\":\"search_term_string\"}}],\"inLanguage\":\"ca\"}]}<\/script>\n<!-- \/ Yoast SEO plugin. -->","yoast_head_json":{"title":"Head renting part time o asesor estrat\u00e9gico a tiempo parcial para pymes","description":"Head renting part time o asesor estrat\u00e9gico a tiempo parcial. Gerentes y consejeros para pymes. gesti\u00f3n estrat\u00e9gica y operartiva de la empresa.","robots":{"index":"index","follow":"follow","max-snippet":"max-snippet:-1","max-image-preview":"max-image-preview:large","max-video-preview":"max-video-preview:-1"},"canonical":"https:\/\/bremomanagement.com\/ca\/serveis\/head-renting-part-time\/","og_locale":"ca_ES","og_type":"article","og_title":"Head renting part time o asesor estrat\u00e9gico a tiempo parcial para pymes","og_description":"Head renting part time o asesor estrat\u00e9gico a tiempo parcial. Gerentes y consejeros para pymes. gesti\u00f3n estrat\u00e9gica y operartiva de la empresa.","og_url":"https:\/\/bremomanagement.com\/ca\/serveis\/head-renting-part-time\/","og_site_name":"Bremo Management","article_modified_time":"2016-10-17T07:22:35+00:00","og_image":[{"width":840,"height":353,"url":"https:\/\/bremomanagement.com\/wp-content\/uploads\/2016\/10\/ocell.jpg","type":"image\/jpeg"}],"twitter_card":"summary_large_image","twitter_misc":{"Temps estimat de lectura":"4 minutes"},"schema":{"@context":"https:\/\/schema.org","@graph":[{"@type":"WebPage","@id":"https:\/\/bremomanagement.com\/ca\/serveis\/head-renting-part-time\/","url":"https:\/\/bremomanagement.com\/ca\/serveis\/head-renting-part-time\/","name":"Head renting part time o asesor estrat\u00e9gico a tiempo parcial para pymes","isPartOf":{"@id":"https:\/\/bremomanagement.com\/ca\/#website"},"primaryImageOfPage":{"@id":"https:\/\/bremomanagement.com\/ca\/serveis\/head-renting-part-time\/#primaryimage"},"image":{"@id":"https:\/\/bremomanagement.com\/ca\/serveis\/head-renting-part-time\/#primaryimage"},"thumbnailUrl":"https:\/\/bremomanagement.com\/wp-content\/uploads\/2016\/10\/ocell.jpg","datePublished":"2015-10-22T14:34:37+00:00","dateModified":"2016-10-17T07:22:35+00:00","description":"Head renting part time o asesor estrat\u00e9gico a tiempo parcial. Gerentes y consejeros para pymes. gesti\u00f3n estrat\u00e9gica y operartiva de la empresa.","breadcrumb":{"@id":"https:\/\/bremomanagement.com\/ca\/serveis\/head-renting-part-time\/#breadcrumb"},"inLanguage":"ca","potentialAction":[{"@type":"ReadAction","target":["https:\/\/bremomanagement.com\/ca\/serveis\/head-renting-part-time\/"]}]},{"@type":"ImageObject","inLanguage":"ca","@id":"https:\/\/bremomanagement.com\/ca\/serveis\/head-renting-part-time\/#primaryimage","url":"https:\/\/bremomanagement.com\/wp-content\/uploads\/2016\/10\/ocell.jpg","contentUrl":"https:\/\/bremomanagement.com\/wp-content\/uploads\/2016\/10\/ocell.jpg","width":840,"height":353},{"@type":"BreadcrumbList","@id":"https:\/\/bremomanagement.com\/ca\/serveis\/head-renting-part-time\/#breadcrumb","itemListElement":[{"@type":"ListItem","position":1,"name":"Portada","item":"https:\/\/bremomanagement.com\/ca\/"},{"@type":"ListItem","position":2,"name":"Serveis","item":"https:\/\/bremomanagement.com\/ca\/serveis\/"},{"@type":"ListItem","position":3,"name":"Head renting part time"}]},{"@type":"WebSite","@id":"https:\/\/bremomanagement.com\/ca\/#website","url":"https:\/\/bremomanagement.com\/ca\/","name":"Bremo Management","description":"Head renting management","potentialAction":[{"@type":"SearchAction","target":{"@type":"EntryPoint","urlTemplate":"https:\/\/bremomanagement.com\/ca\/?s={search_term_string}"},"query-input":{"@type":"PropertyValueSpecification","valueRequired":true,"valueName":"search_term_string"}}],"inLanguage":"ca"}]}},"_links":{"self":[{"href":"https:\/\/bremomanagement.com\/ca\/wp-json\/wp\/v2\/pages\/433","targetHints":{"allow":["GET"]}}],"collection":[{"href":"https:\/\/bremomanagement.com\/ca\/wp-json\/wp\/v2\/pages"}],"about":[{"href":"https:\/\/bremomanagement.com\/ca\/wp-json\/wp\/v2\/types\/page"}],"author":[{"embeddable":true,"href":"https:\/\/bremomanagement.com\/ca\/wp-json\/wp\/v2\/users\/1"}],"replies":[{"embeddable":true,"href":"https:\/\/bremomanagement.com\/ca\/wp-json\/wp\/v2\/comments?post=433"}],"version-history":[{"count":0,"href":"https:\/\/bremomanagement.com\/ca\/wp-json\/wp\/v2\/pages\/433\/revisions"}],"up":[{"embeddable":true,"href":"https:\/\/bremomanagement.com\/ca\/wp-json\/wp\/v2\/pages\/430"}],"wp:featuredmedia":[{"embeddable":true,"href":"https:\/\/bremomanagement.com\/ca\/wp-json\/wp\/v2\/media\/1729"}],"wp:attachment":[{"href":"https:\/\/bremomanagement.com\/ca\/wp-json\/wp\/v2\/media?parent=433"}],"curies":[{"name":"wp","href":"https:\/\/api.w.org\/{rel}","templated":true}]}}