{"id":430,"date":"2015-10-15T15:32:49","date_gmt":"2015-10-15T15:32:49","guid":{"rendered":"http:\/\/bremomanagement.com\/ca\/service\/"},"modified":"2016-09-07T12:18:44","modified_gmt":"2016-09-07T12:18:44","slug":"serveis","status":"publish","type":"page","link":"https:\/\/bremomanagement.com\/ca\/serveis\/","title":{"rendered":"Serveis"},"content":{"rendered":"\n<style type=\"text\/css\" data-created_by=\"avia_inline_auto\" id=\"style-css-av-av_heading-7364e1ab1705e55020afcc5ad89c169d\">\n#top .av-special-heading.av-av_heading-7364e1ab1705e55020afcc5ad89c169d{\npadding-bottom:0;\n}\nbody .av-special-heading.av-av_heading-7364e1ab1705e55020afcc5ad89c169d .av-special-heading-tag .heading-char{\nfont-size:25px;\n}\n.av-special-heading.av-av_heading-7364e1ab1705e55020afcc5ad89c169d .av-subheading{\nfont-size:15px;\n}\n<\/style>\n<div  class='av-special-heading av-av_heading-7364e1ab1705e55020afcc5ad89c169d av-special-heading-h2 blockquote modern-quote modern-centered  avia-builder-el-0  el_before_av_hr  avia-builder-el-first '><h2 class='av-special-heading-tag '  itemprop=\"headline\"  >Serveis<\/h2><div class=\"special-heading-border\"><div class=\"special-heading-inner-border\"><\/div><\/div><\/div>\n\n<style type=\"text\/css\" data-created_by=\"avia_inline_auto\" id=\"style-css-av-av_hr-1501602170bc5e7af861d207fda0c27a\">\n#top .hr.av-av_hr-1501602170bc5e7af861d207fda0c27a{\nmargin-top:5px;\nmargin-bottom:35px;\n}\n.hr.av-av_hr-1501602170bc5e7af861d207fda0c27a .hr-inner{\nwidth:50px;\nborder-color:#f47111;\n}\n<\/style>\n<div  class='hr av-av_hr-1501602170bc5e7af861d207fda0c27a hr-custom  avia-builder-el-1  el_after_av_heading  el_before_av_one_third  hr-center hr-icon-no'><span class='hr-inner inner-border-av-border-fat'><span class=\"hr-inner-style\"><\/span><\/span><\/div>\n\n<style type=\"text\/css\" data-created_by=\"avia_inline_auto\" id=\"style-css-av-av_one_third-d71a51a707c4656b37c9afbbd6138215\">\n.flex_column.av-av_one_third-d71a51a707c4656b37c9afbbd6138215{\nborder-radius:0px 0px 0px 0px;\npadding:0px 0px 0px 0px;\n}\n<\/style>\n<div  class='flex_column av-av_one_third-d71a51a707c4656b37c9afbbd6138215 av_one_third  avia-builder-el-2  el_after_av_hr  el_before_av_one_third  first flex_column_div av-animated-generic bottom-to-top av-zero-column-padding  '     ><p>\n<style type=\"text\/css\" data-created_by=\"avia_inline_auto\" id=\"style-css-av-av_image-f18a1264bb482fdd169a5a59250a5d8e\">\n.avia-image-container.av-av_image-f18a1264bb482fdd169a5a59250a5d8e img.avia_image{\nbox-shadow:none;\n}\n.avia-image-container.av-av_image-f18a1264bb482fdd169a5a59250a5d8e .av-image-caption-overlay-center{\ncolor:#ffffff;\n}\n<\/style>\n<div  class='avia-image-container av-av_image-f18a1264bb482fdd169a5a59250a5d8e av-styling-no-styling av-img-linked avia-align-center  avia-builder-el-3  el_before_av_heading  avia-builder-el-first '   itemprop=\"image\" itemscope=\"itemscope\" itemtype=\"https:\/\/schema.org\/ImageObject\" ><div class=\"avia-image-container-inner\"><div class=\"avia-image-overlay-wrap\"><a href=\"https:\/\/bremomanagement.com\/servicios\/head-renting-part-time\/\" class='avia_image '  aria-label='seagulls-984529'><img decoding=\"async\" fetchpriority=\"high\" class='wp-image-1736 avia-img-lazy-loading-not-1736 avia_image ' src=\"https:\/\/bremomanagement.com\/wp-content\/uploads\/2015\/10\/seagulls-984529-1500x630.jpg\" alt='' title='seagulls-984529'  height=\"630\" width=\"1500\"  itemprop=\"thumbnailUrl\"  \/><\/a><\/div><\/div><\/div><br \/>\n\n<style type=\"text\/css\" data-created_by=\"avia_inline_auto\" id=\"style-css-av-av_heading-6f2f8b3f988b5a467963cf91e6d53784\">\n#top .av-special-heading.av-av_heading-6f2f8b3f988b5a467963cf91e6d53784{\npadding-bottom:0;\n}\nbody .av-special-heading.av-av_heading-6f2f8b3f988b5a467963cf91e6d53784 .av-special-heading-tag .heading-char{\nfont-size:25px;\n}\n.av-special-heading.av-av_heading-6f2f8b3f988b5a467963cf91e6d53784 .av-subheading{\nfont-size:15px;\n}\n<\/style>\n<div  class='av-special-heading av-av_heading-6f2f8b3f988b5a467963cf91e6d53784 av-special-heading-h3 blockquote modern-quote  avia-builder-el-4  el_after_av_image  el_before_av_hr '><h3 class='av-special-heading-tag '  itemprop=\"headline\"  >Head renting part time<\/h3><div class=\"special-heading-border\"><div class=\"special-heading-inner-border\"><\/div><\/div><\/div><br \/>\n\n<style type=\"text\/css\" data-created_by=\"avia_inline_auto\" id=\"style-css-av-av_hr-0e533237d4b9a458f3fe605388f4b703\">\n#top .hr.av-av_hr-0e533237d4b9a458f3fe605388f4b703{\nmargin-top:10px;\nmargin-bottom:10px;\n}\n.hr.av-av_hr-0e533237d4b9a458f3fe605388f4b703 .hr-inner{\nwidth:50px;\nborder-color:#f47111;\n}\n<\/style>\n<div  class='hr av-av_hr-0e533237d4b9a458f3fe605388f4b703 hr-custom  avia-builder-el-5  el_after_av_heading  el_before_av_textblock  hr-left hr-icon-no'><span class='hr-inner inner-border-av-border-fat'><span class=\"hr-inner-style\"><\/span><\/span><\/div><br \/>\n<section  class='av_textblock_section av-av_textblock-0366cc7376be6c9e82a3e9cc8987b64f '   itemscope=\"itemscope\" itemtype=\"https:\/\/schema.org\/CreativeWork\" ><div class='avia_textblock'  itemprop=\"text\" ><p>El <em>head renting part time<\/em> \u00e9s un servei extern de direcci\u00f3 a dedicaci\u00f3 parcial, especialment en aquells departaments que lideren processos de suport com Financer, RRHH, M\u00e0rqueting, Comercial i Vendes, Log\u00edstica, etc. El <em>head renting <\/em>no substitueix el <em>head hunting<\/em> sin\u00f3 que complementa aquells llocs que s\u00f3n estrat\u00e8gics en l&#8217;empresa.<\/p>\n<\/div><\/section><\/p><\/div>\n<style type=\"text\/css\" data-created_by=\"avia_inline_auto\" id=\"style-css-av-av_one_third-93bea18e2ccb60552a17080633244dec\">\n.flex_column.av-av_one_third-93bea18e2ccb60552a17080633244dec{\nborder-radius:0px 0px 0px 0px;\npadding:0px 0px 0px 0px;\n}\n<\/style>\n<div  class='flex_column av-av_one_third-93bea18e2ccb60552a17080633244dec av_one_third  avia-builder-el-7  el_after_av_one_third  el_before_av_one_third  flex_column_div av-animated-generic bottom-to-top av-zero-column-padding  '     ><p>\n<style type=\"text\/css\" data-created_by=\"avia_inline_auto\" id=\"style-css-av-av_image-2204685a5189561dc994c4cabdc51b00\">\n.avia-image-container.av-av_image-2204685a5189561dc994c4cabdc51b00 img.avia_image{\nbox-shadow:none;\n}\n.avia-image-container.av-av_image-2204685a5189561dc994c4cabdc51b00 .av-image-caption-overlay-center{\ncolor:#ffffff;\n}\n<\/style>\n<div  class='avia-image-container av-av_image-2204685a5189561dc994c4cabdc51b00 av-styling-no-styling av-img-linked avia-align-center  avia-builder-el-8  el_before_av_heading  avia-builder-el-first '   itemprop=\"image\" itemscope=\"itemscope\" itemtype=\"https:\/\/schema.org\/ImageObject\" ><div class=\"avia-image-container-inner\"><div class=\"avia-image-overlay-wrap\"><a href=\"https:\/\/bremomanagement.com\/servicios\/interim-management\/\" class='avia_image '  aria-label='faro'><img decoding=\"async\" fetchpriority=\"high\" class='wp-image-1737 avia-img-lazy-loading-not-1737 avia_image ' src=\"https:\/\/bremomanagement.com\/wp-content\/uploads\/2015\/10\/faro-300x126.jpg\" alt='' title='faro'  height=\"126\" width=\"300\"  itemprop=\"thumbnailUrl\" srcset=\"https:\/\/bremomanagement.com\/wp-content\/uploads\/2015\/10\/faro-300x126.jpg 300w, https:\/\/bremomanagement.com\/wp-content\/uploads\/2015\/10\/faro-768x323.jpg 768w, https:\/\/bremomanagement.com\/wp-content\/uploads\/2015\/10\/faro-1030x433.jpg 1030w, https:\/\/bremomanagement.com\/wp-content\/uploads\/2015\/10\/faro.jpg 1500w, https:\/\/bremomanagement.com\/wp-content\/uploads\/2015\/10\/faro-705x296.jpg 705w, https:\/\/bremomanagement.com\/wp-content\/uploads\/2015\/10\/faro-450x189.jpg 450w\" sizes=\"(max-width: 300px) 100vw, 300px\" \/><\/a><\/div><\/div><\/div><br \/>\n\n<style type=\"text\/css\" data-created_by=\"avia_inline_auto\" id=\"style-css-av-av_heading-933b6d0da2d2ad3b409c5a0eeb4b10bc\">\n#top .av-special-heading.av-av_heading-933b6d0da2d2ad3b409c5a0eeb4b10bc{\npadding-bottom:0;\n}\nbody .av-special-heading.av-av_heading-933b6d0da2d2ad3b409c5a0eeb4b10bc .av-special-heading-tag .heading-char{\nfont-size:25px;\n}\n.av-special-heading.av-av_heading-933b6d0da2d2ad3b409c5a0eeb4b10bc .av-subheading{\nfont-size:15px;\n}\n<\/style>\n<div  class='av-special-heading av-av_heading-933b6d0da2d2ad3b409c5a0eeb4b10bc av-special-heading-h3 blockquote modern-quote  avia-builder-el-9  el_after_av_image  el_before_av_hr '><h3 class='av-special-heading-tag '  itemprop=\"headline\"  >Interim management<\/h3><div class=\"special-heading-border\"><div class=\"special-heading-inner-border\"><\/div><\/div><\/div><br \/>\n\n<style type=\"text\/css\" data-created_by=\"avia_inline_auto\" id=\"style-css-av-av_hr-0e533237d4b9a458f3fe605388f4b703\">\n#top .hr.av-av_hr-0e533237d4b9a458f3fe605388f4b703{\nmargin-top:10px;\nmargin-bottom:10px;\n}\n.hr.av-av_hr-0e533237d4b9a458f3fe605388f4b703 .hr-inner{\nwidth:50px;\nborder-color:#f47111;\n}\n<\/style>\n<div  class='hr av-av_hr-0e533237d4b9a458f3fe605388f4b703 hr-custom  avia-builder-el-10  el_after_av_heading  el_before_av_textblock  hr-left hr-icon-no'><span class='hr-inner inner-border-av-border-fat'><span class=\"hr-inner-style\"><\/span><\/span><\/div><br \/>\n<section  class='av_textblock_section av-av_textblock-0366cc7376be6c9e82a3e9cc8987b64f '   itemscope=\"itemscope\" itemtype=\"https:\/\/schema.org\/CreativeWork\" ><div class='avia_textblock'  itemprop=\"text\" ><p>Provisi\u00f3 temporal de recursos i capacitats de gesti\u00f3. Es pot veure com una assignaci\u00f3 temporal d&#8217;un executiu capacitat per gestionar un per\u00edode de transici\u00f3, crisi o canvi en una organitzaci\u00f3.<\/p>\n<\/div><\/section><\/p><\/div>\n<style type=\"text\/css\" data-created_by=\"avia_inline_auto\" id=\"style-css-av-av_one_third-93bea18e2ccb60552a17080633244dec\">\n.flex_column.av-av_one_third-93bea18e2ccb60552a17080633244dec{\nborder-radius:0px 0px 0px 0px;\npadding:0px 0px 0px 0px;\n}\n<\/style>\n<div  class='flex_column av-av_one_third-93bea18e2ccb60552a17080633244dec av_one_third  avia-builder-el-12  el_after_av_one_third  avia-builder-el-last  flex_column_div av-animated-generic bottom-to-top av-zero-column-padding  '     ><p>\n<style type=\"text\/css\" data-created_by=\"avia_inline_auto\" id=\"style-css-av-av_image-3cd731fe4491e6f6c4c4a5bd757eac0f\">\n.avia-image-container.av-av_image-3cd731fe4491e6f6c4c4a5bd757eac0f img.avia_image{\nbox-shadow:none;\n}\n.avia-image-container.av-av_image-3cd731fe4491e6f6c4c4a5bd757eac0f .av-image-caption-overlay-center{\ncolor:#ffffff;\n}\n<\/style>\n<div  class='avia-image-container av-av_image-3cd731fe4491e6f6c4c4a5bd757eac0f av-styling-no-styling av-img-linked avia-align-center  avia-builder-el-13  el_before_av_heading  avia-builder-el-first '   itemprop=\"image\" itemscope=\"itemscope\" itemtype=\"https:\/\/schema.org\/ImageObject\" ><div class=\"avia-image-container-inner\"><div class=\"avia-image-overlay-wrap\"><a href=\"https:\/\/bremomanagement.com\/servicios\/mentoring\/\" class='avia_image '  aria-label='magnetic-compass-390912'><img decoding=\"async\" fetchpriority=\"high\" class='wp-image-1738 avia-img-lazy-loading-not-1738 avia_image ' src=\"https:\/\/bremomanagement.com\/wp-content\/uploads\/2015\/10\/magnetic-compass-390912-1500x630.jpg\" alt='' title='magnetic-compass-390912'  height=\"630\" width=\"1500\"  itemprop=\"thumbnailUrl\"  \/><\/a><\/div><\/div><\/div><br \/>\n\n<style type=\"text\/css\" data-created_by=\"avia_inline_auto\" id=\"style-css-av-av_heading-fce027fdd84c33e9831148de06951a1b\">\n#top .av-special-heading.av-av_heading-fce027fdd84c33e9831148de06951a1b{\npadding-bottom:0;\n}\nbody .av-special-heading.av-av_heading-fce027fdd84c33e9831148de06951a1b .av-special-heading-tag .heading-char{\nfont-size:25px;\n}\n.av-special-heading.av-av_heading-fce027fdd84c33e9831148de06951a1b .av-subheading{\nfont-size:15px;\n}\n<\/style>\n<div  class='av-special-heading av-av_heading-fce027fdd84c33e9831148de06951a1b av-special-heading-h3 blockquote modern-quote  avia-builder-el-14  el_after_av_image  el_before_av_hr '><h3 class='av-special-heading-tag '  itemprop=\"headline\"  >Mentoring<\/h3><div class=\"special-heading-border\"><div class=\"special-heading-inner-border\"><\/div><\/div><\/div><br \/>\n\n<style type=\"text\/css\" data-created_by=\"avia_inline_auto\" id=\"style-css-av-av_hr-0e533237d4b9a458f3fe605388f4b703\">\n#top .hr.av-av_hr-0e533237d4b9a458f3fe605388f4b703{\nmargin-top:10px;\nmargin-bottom:10px;\n}\n.hr.av-av_hr-0e533237d4b9a458f3fe605388f4b703 .hr-inner{\nwidth:50px;\nborder-color:#f47111;\n}\n<\/style>\n<div  class='hr av-av_hr-0e533237d4b9a458f3fe605388f4b703 hr-custom  avia-builder-el-15  el_after_av_heading  el_before_av_textblock  hr-left hr-icon-no'><span class='hr-inner inner-border-av-border-fat'><span class=\"hr-inner-style\"><\/span><\/span><\/div><br \/>\n<section  class='av_textblock_section av-av_textblock-0366cc7376be6c9e82a3e9cc8987b64f '   itemscope=\"itemscope\" itemtype=\"https:\/\/schema.org\/CreativeWork\" ><div class='avia_textblock'  itemprop=\"text\" ><p>Es proporciona un mentor que adquireix el paper de guia i estimula l&#8217;aprenentatge a trav\u00e9s d&#8217;experi\u00e8ncies sobre com establir i aconseguir metes professionals, superar els reptes del treball, prendre decisions amb m\u00e9s confian\u00e7a, oferir una perspectiva externa\u2026<\/p>\n<\/div><\/section><\/p><\/div><\/p>\n","protected":false},"excerpt":{"rendered":"","protected":false},"author":1,"featured_media":0,"parent":0,"menu_order":0,"comment_status":"closed","ping_status":"closed","template":"","meta":{"_exactmetrics_skip_tracking":false,"_exactmetrics_sitenote_active":false,"_exactmetrics_sitenote_note":"","_exactmetrics_sitenote_category":0,"footnotes":""},"class_list":["post-430","page","type-page","status-publish","hentry"],"yoast_head":"<!-- This site is optimized with the Yoast SEO plugin v27.4 - https:\/\/yoast.com\/product\/yoast-seo-wordpress\/ -->\n<title>Serveis - Bremo Management<\/title>\n<meta name=\"robots\" content=\"index, follow, max-snippet:-1, max-image-preview:large, max-video-preview:-1\" \/>\n<link rel=\"canonical\" href=\"https:\/\/bremomanagement.com\/ca\/serveis\/\" \/>\n<meta property=\"og:locale\" content=\"ca_ES\" \/>\n<meta property=\"og:type\" content=\"article\" \/>\n<meta property=\"og:title\" content=\"Serveis - Bremo Management\" \/>\n<meta property=\"og:url\" content=\"https:\/\/bremomanagement.com\/ca\/serveis\/\" \/>\n<meta property=\"og:site_name\" content=\"Bremo Management\" \/>\n<meta property=\"article:modified_time\" content=\"2016-09-07T12:18:44+00:00\" \/>\n<meta name=\"twitter:card\" content=\"summary_large_image\" \/>\n<meta name=\"twitter:label1\" content=\"Temps estimat de lectura\" \/>\n\t<meta name=\"twitter:data1\" content=\"4 minutes\" \/>\n<script type=\"application\/ld+json\" class=\"yoast-schema-graph\">{\"@context\":\"https:\\\/\\\/schema.org\",\"@graph\":[{\"@type\":\"WebPage\",\"@id\":\"https:\\\/\\\/bremomanagement.com\\\/ca\\\/serveis\\\/\",\"url\":\"https:\\\/\\\/bremomanagement.com\\\/ca\\\/serveis\\\/\",\"name\":\"Serveis - Bremo Management\",\"isPartOf\":{\"@id\":\"https:\\\/\\\/bremomanagement.com\\\/ca\\\/#website\"},\"datePublished\":\"2015-10-15T15:32:49+00:00\",\"dateModified\":\"2016-09-07T12:18:44+00:00\",\"breadcrumb\":{\"@id\":\"https:\\\/\\\/bremomanagement.com\\\/ca\\\/serveis\\\/#breadcrumb\"},\"inLanguage\":\"ca\",\"potentialAction\":[{\"@type\":\"ReadAction\",\"target\":[\"https:\\\/\\\/bremomanagement.com\\\/ca\\\/serveis\\\/\"]}]},{\"@type\":\"BreadcrumbList\",\"@id\":\"https:\\\/\\\/bremomanagement.com\\\/ca\\\/serveis\\\/#breadcrumb\",\"itemListElement\":[{\"@type\":\"ListItem\",\"position\":1,\"name\":\"Portada\",\"item\":\"https:\\\/\\\/bremomanagement.com\\\/ca\\\/\"},{\"@type\":\"ListItem\",\"position\":2,\"name\":\"Serveis\"}]},{\"@type\":\"WebSite\",\"@id\":\"https:\\\/\\\/bremomanagement.com\\\/ca\\\/#website\",\"url\":\"https:\\\/\\\/bremomanagement.com\\\/ca\\\/\",\"name\":\"Bremo Management\",\"description\":\"Head renting management\",\"potentialAction\":[{\"@type\":\"SearchAction\",\"target\":{\"@type\":\"EntryPoint\",\"urlTemplate\":\"https:\\\/\\\/bremomanagement.com\\\/ca\\\/?s={search_term_string}\"},\"query-input\":{\"@type\":\"PropertyValueSpecification\",\"valueRequired\":true,\"valueName\":\"search_term_string\"}}],\"inLanguage\":\"ca\"}]}<\/script>\n<!-- \/ Yoast SEO plugin. -->","yoast_head_json":{"title":"Serveis - Bremo Management","robots":{"index":"index","follow":"follow","max-snippet":"max-snippet:-1","max-image-preview":"max-image-preview:large","max-video-preview":"max-video-preview:-1"},"canonical":"https:\/\/bremomanagement.com\/ca\/serveis\/","og_locale":"ca_ES","og_type":"article","og_title":"Serveis - Bremo Management","og_url":"https:\/\/bremomanagement.com\/ca\/serveis\/","og_site_name":"Bremo Management","article_modified_time":"2016-09-07T12:18:44+00:00","twitter_card":"summary_large_image","twitter_misc":{"Temps estimat de lectura":"4 minutes"},"schema":{"@context":"https:\/\/schema.org","@graph":[{"@type":"WebPage","@id":"https:\/\/bremomanagement.com\/ca\/serveis\/","url":"https:\/\/bremomanagement.com\/ca\/serveis\/","name":"Serveis - Bremo Management","isPartOf":{"@id":"https:\/\/bremomanagement.com\/ca\/#website"},"datePublished":"2015-10-15T15:32:49+00:00","dateModified":"2016-09-07T12:18:44+00:00","breadcrumb":{"@id":"https:\/\/bremomanagement.com\/ca\/serveis\/#breadcrumb"},"inLanguage":"ca","potentialAction":[{"@type":"ReadAction","target":["https:\/\/bremomanagement.com\/ca\/serveis\/"]}]},{"@type":"BreadcrumbList","@id":"https:\/\/bremomanagement.com\/ca\/serveis\/#breadcrumb","itemListElement":[{"@type":"ListItem","position":1,"name":"Portada","item":"https:\/\/bremomanagement.com\/ca\/"},{"@type":"ListItem","position":2,"name":"Serveis"}]},{"@type":"WebSite","@id":"https:\/\/bremomanagement.com\/ca\/#website","url":"https:\/\/bremomanagement.com\/ca\/","name":"Bremo Management","description":"Head renting management","potentialAction":[{"@type":"SearchAction","target":{"@type":"EntryPoint","urlTemplate":"https:\/\/bremomanagement.com\/ca\/?s={search_term_string}"},"query-input":{"@type":"PropertyValueSpecification","valueRequired":true,"valueName":"search_term_string"}}],"inLanguage":"ca"}]}},"_links":{"self":[{"href":"https:\/\/bremomanagement.com\/ca\/wp-json\/wp\/v2\/pages\/430","targetHints":{"allow":["GET"]}}],"collection":[{"href":"https:\/\/bremomanagement.com\/ca\/wp-json\/wp\/v2\/pages"}],"about":[{"href":"https:\/\/bremomanagement.com\/ca\/wp-json\/wp\/v2\/types\/page"}],"author":[{"embeddable":true,"href":"https:\/\/bremomanagement.com\/ca\/wp-json\/wp\/v2\/users\/1"}],"replies":[{"embeddable":true,"href":"https:\/\/bremomanagement.com\/ca\/wp-json\/wp\/v2\/comments?post=430"}],"version-history":[{"count":0,"href":"https:\/\/bremomanagement.com\/ca\/wp-json\/wp\/v2\/pages\/430\/revisions"}],"wp:attachment":[{"href":"https:\/\/bremomanagement.com\/ca\/wp-json\/wp\/v2\/media?parent=430"}],"curies":[{"name":"wp","href":"https:\/\/api.w.org\/{rel}","templated":true}]}}